{"id":3,"date":"2024-03-07T09:01:15","date_gmt":"2024-03-07T08:01:15","guid":{"rendered":"https:\/\/stupava.thaik.sk\/?page_id=3"},"modified":"2026-01-12T09:32:45","modified_gmt":"2026-01-12T08:32:45","slug":"ochrana-sukromia","status":"publish","type":"page","link":"https:\/\/stupava.thaik.sk\/en\/ochrana-sukromia\/","title":{"rendered":"Privacy Policy"},"content":{"rendered":"<div data-elementor-type=\"wp-page\" data-elementor-id=\"3\" class=\"elementor elementor-3\">\n\t\t\t\t<div class=\"elementor-element elementor-element-4c5a58e0 e-flex e-con-boxed e-con e-parent\" data-id=\"4c5a58e0\" data-element_type=\"container\" data-settings=\"{&quot;background_background&quot;:&quot;classic&quot;}\">\n\t\t\t\t\t<div class=\"e-con-inner\">\n\t\t\t\t<div class=\"elementor-element elementor-element-5692bf17 elementor-widget elementor-widget-heading\" data-id=\"5692bf17\" data-element_type=\"widget\" data-widget_type=\"heading.default\">\n\t\t\t\t<div class=\"elementor-widget-container\">\n\t\t\t\t\t<h2 class=\"elementor-heading-title elementor-size-default\">Podmienky spracovania osobn\u00fdch \u00fadajov<\/h2>\t\t\t\t<\/div>\n\t\t\t\t<\/div>\n\t\t\t\t<div class=\"elementor-element elementor-element-69abc1cf elementor-widget elementor-widget-text-editor\" data-id=\"69abc1cf\" data-element_type=\"widget\" data-widget_type=\"text-editor.default\">\n\t\t\t\t<div class=\"elementor-widget-container\">\n\t\t\t\t\t\t\t\t\t<h6>N\u00e1v\u0161tevou webovej str\u00e1nky <a href=\"https:\/\/stupava.thaik.sk\/en\/\">www.thaik.sk<\/a> a vyplnen\u00edm rezerva\u010dn\u00e9ho formul\u00e1ru v syst\u00e9me vyjadrujete s\u00fahlas:<\/h6><h6><strong>I. Z\u00e1kladn\u00e9 ustanovenia<\/strong><\/h6><h6>V t\u00fdchto Podmienkach s\u00fa preh\u013eadne obsiahnut\u00e9 pravidl\u00e1 a z\u00e1sady spracovania osobn\u00fdch \u00fadajov pou\u017e\u00edvate\u013eov slu\u017eieb spolo\u010dnosti SKO s.r.o., H\u00fa\u0161\u010davova 1151\/3, 841 01 Bratislava, I\u010cO: 55 466 532, zap\u00edsan\u00e1 v Obchodnom registri Mestsk\u00e9ho s\u00fadu Bratislava III, Oddiel: Sro 170488\/B<br \/>(\u010falej len \u201ePrev\u00e1dzkovate\u013e\u201c), poskytovan\u00fdch prostredn\u00edctvom webovej lokality www.thaik.sk (\u010falej len \u201eSlu\u017eby\u201c).<\/h6><h6>Prev\u00e1dzkovate\u013e sa pri spracovan\u00ed osobn\u00fdch \u00fadajov pou\u017e\u00edvate\u013eov Slu\u017eieb riadi Nariaden\u00edm Eur\u00f3pskeho parlamentu a Rady (E\u00da) 2016\/679 z 27. apr\u00edla 2016 o ochrane fyzick\u00fdch os\u00f4b pri sprac\u00favan\u00ed osobn\u00fdch \u00fadajov a o vo\u013enom pohybe t\u00fdchto \u00fadajov, ktor\u00fdm sa zru\u0161uje smernica 95\/46\/ES (v\u0161eobecn\u00e9 nariadenie o ochrane \u00fadajov) (\u010falej len \u201eNariadenie\u201c), z\u00e1konom \u010d. 18\/2018 Z. z. o ochrane osobn\u00fdch \u00fadajov a o zmene a doplnen\u00ed niektor\u00fdch z\u00e1konov (\u010falej len \u201eZ\u00e1kon\u201c) a \u010fal\u0161\u00edmi s\u00favisiacimi v\u0161eobecne z\u00e1v\u00e4zn\u00fdmi pr\u00e1vnymi predpismi.<\/h6><h6>Osobn\u00fdmi \u00fadajmi sa pod\u013ea pr\u00edslu\u0161n\u00fdch ustanoven\u00ed nariadenia a z\u00e1kona rozumej\u00fa ak\u00e9ko\u013evek \u00fadaje t\u00fdkaj\u00face sa identifikovanej fyzickej osoby alebo identifikovate\u013enej fyzickej osoby, ktor\u00fa mo\u017eno identifikova\u0165 priamo alebo nepriamo, najm\u00e4 na z\u00e1klade v\u0161eobecne pou\u017eite\u013en\u00e9ho identifik\u00e1tora, in\u00e9ho identifik\u00e1tora ako je napr\u00edklad meno, priezvisko, identifika\u010dn\u00e9 \u010d\u00edslo, lokaliza\u010dn\u00e9 \u00fadaje, alebo online identifik\u00e1tor, alebo na z\u00e1klade jednej alebo viacer\u00fdch charakterist\u00edk alebo znakov, ktor\u00e9 tvoria jej fyzick\u00fa identitu, fyziologick\u00fa identitu, genetick\u00fa identitu, psychick\u00fa identitu, ment\u00e1lnu identitu, ekonomick\u00fa identitu, kult\u00farnu identitu alebo soci\u00e1lnu identitu.<\/h6><ul><li><h6>dotknutou osobou v zmysle nariadenia a z\u00e1kona, t. j. fyzickou osobou, ktorej osobn\u00e9 \u00fadaje sa spracov\u00e1vaj\u00fa, je ka\u017ed\u00fd pou\u017e\u00edvate\u013e Slu\u017eieb Prev\u00e1dzkovate\u013ea.<\/h6><\/li><li><h6>prev\u00e1dzkovate\u013e vymedzil \u00fa\u010del a prostriedky spracovania va\u0161ich osobn\u00fdch \u00fadajov a sprac\u00fava ich vo vlastnom mene.<\/h6><\/li><li><h6>tieto Podmienky nadob\u00fadaj\u00fa \u00fa\u010dinnos\u0165 d\u0148om 1. m\u00e1ja 2024 a pova\u017euj\u00fa sa za splnenie informa\u010dnej povinnosti Prev\u00e1dzkovate\u013ea vo vz\u0165ahu k dotknut\u00fdm osob\u00e1m v zmysle \u010dl.13 nariadenia a \u00a7 19 z\u00e1kona.<\/h6><\/li><\/ul><h6>\u00a0<\/h6><h6><strong>II. Z\u00e1konn\u00fd d\u00f4vod a \u00fa\u010del spracovania osobn\u00fdch \u00fadajov<\/strong><\/h6><h6>1. Prev\u00e1dzkovate\u013e spracov\u00e1va len osobn\u00e9 \u00fadaje, ktor\u00e9 mu poskytol Pou\u017e\u00edvate\u013e a to vyplnen\u00edm kontaktn\u00e9ho formul\u00e1ra a potvrden\u00edm s\u00fahlasu s Podmienkami (zakliknut\u00edm pr\u00edslu\u0161n\u00e9ho pol\u00ed\u010dka) a n\u00e1sledn\u00fdm odoslan\u00edm rezerv\u00e1cie \u010di inak ozna\u010denej po\u017eiadavky na dodanie alebo spr\u00edstupnenie konkr\u00e9tnej slu\u017eby.<\/h6><h6>2. Pou\u017e\u00edvate\u013e slobodne ude\u013euje Prev\u00e1dzkovate\u013eovi s\u00fahlas so spracovan\u00edm osobn\u00fdch \u00fadajov na \u00fa\u010dely uveden\u00e9 v Podmienkach v s\u00falade s nariaden\u00edm a z\u00e1konom a z\u00e1rove\u0148 potvrdzuje, \u017ee n\u00edm vyplnen\u00e9 osobn\u00e9 \u00fadaje s\u00fa spr\u00e1vne a aktu\u00e1lne. Pou\u017e\u00edvate\u013e s\u00fa\u010dasne potvrdzuje, \u017ee v pr\u00edpade, ak m\u00e1 menej ako 16 rokov, mu bol z\u00e1konn\u00fdm z\u00e1stupcom (napr. rodi\u010dom) poskytnut\u00fd alebo schv\u00e1len\u00fd s\u00fahlas so spracovan\u00edm jeho osobn\u00fdch \u00fadajov.<\/h6><h6>3. \u00da\u010delom spracovania osobn\u00fdch \u00fadajov Pou\u017e\u00edvate\u013ea je pou\u017e\u00edvanie a trvanie konkr\u00e9tnej slu\u017eby Prev\u00e1dzkovate\u013ea, ktor\u00fa po\u017eaduje, alebo ku ktorej po\u017eaduje pr\u00edstup, resp. uzavretie a plnenie zmluvy tvoriacej pr\u00e1vny z\u00e1klad pre pou\u017e\u00edvanie a trvanie po\u017eadovanej slu\u017eby.<\/h6><h6>4. Spracovanie osobn\u00fdch \u00fadajov Pou\u017e\u00edvate\u013ea je nevyhnutn\u00e9 na \u00fa\u010del pod\u013ea \u010dl\u00e1nku 6, ods. 1. p\u00edsmeno a) a\u017e c) GDPR<\/h6><h6>5. dotknut\u00e1 osoba vyjadrila s\u00fahlas so sprac\u00favan\u00edm svojich osobn\u00fdch \u00fadajov na jeden alebo viacer\u00e9 konkr\u00e9tne \u00fa\u010dely;<\/h6><h6>6. Sprac\u00favanie je nevyhnutn\u00e9 na plnenie zmluvy, ktorej zmluvnou stranou je dotknut\u00e1 osoba, alebo aby sa na z\u00e1klade \u017eiadosti dotknutej osoby vykonali opatrenia pred uzatvoren\u00edm zmluvy;<\/h6><h6>7. Sprac\u00favanie je nevyhnutn\u00e9 na splnenie z\u00e1konnej povinnosti prev\u00e1dzkovate\u013ea;<\/h6><h6>\u00a0<\/h6><h6><strong>III. Rozsah spracov\u00e1van\u00fdch osobn\u00fdch \u00fadajo<\/strong>v<\/h6><h6>Prev\u00e1dzkovate\u013e spracov\u00e1va osobn\u00e9 \u00fadaje Pou\u017e\u00edvate\u013ea len v rozsahu nevyhnutnom na dosiahnutie \u00fa\u010delu ich sprac\u00favania nasledovne:<\/h6><ul><li><h6>emailov\u00e1 adresa<\/h6><\/li><li><h6>meno a priezvisko<\/h6><\/li><li><h6>telef\u00f3nne \u010d\u00edslo<\/h6><\/li><\/ul><h6>\u00a0<\/h6><h6><strong>IV. Doba uchov\u00e1vania osobn\u00fdch \u00fadajov<\/strong><\/h6><h6>Spracov\u00e1van\u00e9 osobn\u00e9 \u00fadaje sa uchov\u00e1vaj\u00fa v nevyhnutnom rozsahu a vo forme, ktor\u00e1 umo\u017e\u0148uje identifik\u00e1ciu Pou\u017e\u00edvate\u013ea najnesk\u00f4r dovtedy, k\u00fdm je to potrebn\u00e9 na naplnenie \u00fa\u010delu, na ktor\u00fd sa sprac\u00favaj\u00fa. N\u00e1sledne Prev\u00e1dzkovate\u013e zabezpe\u010d\u00ed bez zbyto\u010dn\u00e9ho odkladu likvid\u00e1ciu (odstr\u00e1nenie alebo anonymizovanie) osobn\u00fdch \u00fadajov Pou\u017e\u00edvate\u013ea v zmysle nariadenia a z\u00e1kona.<\/h6><h6>\u00a0<\/h6><h6><strong>V. Ochrana spracov\u00e1van\u00fdch osobn\u00fdch \u00fadajov<\/strong><\/h6><h6>1. Spracov\u00e1vanie osobn\u00fdch \u00fadajov Pou\u017e\u00edvate\u013ea sa uskuto\u010d\u0148uje prostredn\u00edctvom informa\u010dn\u00e9ho syst\u00e9mu Prev\u00e1dzkovate\u013ea a prostredn\u00edctvom primeran\u00fdch technick\u00fdch a organiza\u010dn\u00fdch opatren\u00ed zaru\u010duj\u00facich ich bezpe\u010dnos\u0165, vr\u00e1tane ochrany pred neopr\u00e1vnen\u00fdm spracov\u00e1van\u00edm, nez\u00e1konn\u00fdm spracov\u00e1van\u00edm, n\u00e1hodnou stratou, odstr\u00e1nen\u00edm alebo po\u0161koden\u00edm.<\/h6><h6>2. Prev\u00e1dzkovate\u013e je opr\u00e1vnen\u00fd poskytova\u0165 osobn\u00e9 \u00fadaje Pou\u017e\u00edvate\u013ea v nevyhnutnom rozsahu na:<\/h6><ul><li><h6>\u00da\u010dtovn\u00e9 a da\u0148ov\u00e9 \u00fa\u010dely<\/h6><\/li><li><h6>Archiva\u010dn\u00e9 \u00fa\u010dely<\/h6><\/li><li><h6>\u0160tatistick\u00e9 \u00fa\u010dely<\/h6><\/li><li><h6>\u010eal\u0161ie sprac\u00favanie v zmysle platn\u00fdch pr\u00e1vnych predpisov<\/h6><\/li><\/ul><h6>\u00a0<\/h6><h6><strong>VI. Pr\u00e1va pou\u017e\u00edvate\u013ea<\/strong><\/h6><h6>1. Pr\u00e1va a pr\u00e1vne v\u00fdznamn\u00e9 skuto\u010dnosti sp\u00e4t\u00e9 s ochranou osobn\u00fdch \u00fadajov Pou\u017e\u00edvate\u013ea, ktor\u00e9 vypl\u00fdvaj\u00fa z pr\u00edslu\u0161n\u00fdch ustanoven\u00ed nariadenia a z\u00e1kona:<\/h6><ul><li><h6>pr\u00e1vo na pr\u00edstup k svojim osobn\u00fdm \u00fadajom pod\u013ea \u00a7 21 Z\u00e1kona<\/h6><\/li><li><h6>pr\u00e1vo na opravu osobn\u00fdch \u00fadajov pod\u013ea \u00a7 22 Z\u00e1kona<\/h6><\/li><li><h6>pr\u00e1vo na odstr\u00e1nenie osobn\u00fdch \u00fadajov pod\u013ea \u00a7 23 Z\u00e1kona<\/h6><\/li><li><h6>pr\u00e1vo na obmedzenie spracovania osobn\u00fdch \u00fadajov pod\u013ea \u00a7 24 Z\u00e1kona<\/h6><\/li><li><h6>pr\u00e1vo na prenosnos\u0165 osobn\u00fdch \u00fadajov pod\u013ea \u00a7 26 Z\u00e1kona<\/h6><\/li><li><h6>pr\u00e1vo namieta\u0165 proti spracovaniu osobn\u00fdch \u00fadajov pod\u013ea \u00a7 27 Z\u00e1kona<\/h6><\/li><li><h6>pr\u00e1vo poda\u0165 n\u00e1vrh na za\u010datie konania o ochrane osobn\u00fdch \u00fadajov adresovan\u00fd \u00daradu na ochranu osobn\u00fdch \u00fadajov SR<\/h6><\/li><li><h6>pr\u00e1vo kedyko\u013evek odvola\u0165 s\u00fahlas so spracovan\u00edm osobn\u00fdch \u00fadajov p\u00edsomne alebo elektronicky<\/h6><\/li><\/ul><h6>2. Uplat\u0148ova\u0165 svoje pr\u00e1va alebo kl\u00e1s\u0165 ot\u00e1zky t\u00fdkaj\u00face sa spracovania osobn\u00fdch \u00fadajov m\u00f4\u017ee Pou\u017e\u00edvate\u013e vykona\u0165 na z\u00e1klade \u017eiadosti zaslanej priamo Prev\u00e1dzkovate\u013eovi. Pou\u017e\u00edvate\u013e z\u00e1rove\u0148 berie na vedomie, \u017ee ak bude jeho \u017eiados\u0165 pod\u013ea bodu VI. 1. t\u00fdchto Podmienok zjavne neopodstatnen\u00e1 alebo neprimeran\u00e1, najm\u00e4 pre jej opakuj\u00facu sa povahu, Prev\u00e1dzkovate\u013e m\u00f4\u017ee s prihliadnut\u00edm na obsah \u017eiadosti po\u017eadova\u0165 primeran\u00fd poplatok zoh\u013ead\u0148uj\u00faci administrat\u00edvne n\u00e1klady alebo odmietnu\u0165 kona\u0165 na z\u00e1klade \u017eiadosti.<\/h6><h6>3. Pred vybaven\u00edm \u017eiadosti Pou\u017e\u00edvate\u013ea pod\u013ea bodu VI. 1. t\u00fdchto Podmienok mus\u00ed Prev\u00e1dzkovate\u013e najsk\u00f4r spo\u013eahlivo overi\u0165 toto\u017enos\u0165 Pou\u017e\u00edvate\u013ea, aby nedo\u0161lo k zneu\u017eitiu jeho pr\u00e1v \u010di osobn\u00fdch \u00fadajov.<\/h6><h6>\u00a0<\/h6><h6><strong>VII. S\u00fabory cookies<\/strong><\/h6><h6>Va\u0161e s\u00fakromie je pre n\u00e1s d\u00f4le\u017eit\u00e9. T\u00e1to str\u00e1nka zabezpe\u010duje ochranu osobn\u00fdch \u00fadajov v s\u00falade s platn\u00fdmi pr\u00e1vnymi predpismi, vr\u00e1tane V\u0161eobecn\u00e9ho nariadenia o ochrane \u00fadajov (GDPR).<\/h6><h6>1. Pou\u017e\u00edvanie s\u00faborov cookies<\/h6><h6>Na zlep\u0161enie funk\u010dnosti tejto str\u00e1nky pou\u017e\u00edvame s\u00fabory cookies. Tieto s\u00fabory n\u00e1m pom\u00e1haj\u00fa analyzova\u0165 pou\u017e\u00edvanie str\u00e1nky, prisp\u00f4sobova\u0165 obsah a reklamy pod\u013ea va\u0161ich z\u00e1ujmov a u\u013eah\u010di\u0165 interakciu so soci\u00e1lnymi m\u00e9diami. Pokia\u013e si \u017eel\u00e1te, m\u00f4\u017eete nastavenia s\u00faborov cookies upravi\u0165 vo va\u0161om prehliada\u010di.<\/h6><h6>2. Zber a spracovanie osobn\u00fdch \u00fadajov<\/h6><h6>Pri prezeran\u00ed tejto str\u00e1nky m\u00f4\u017eeme zbiera\u0165 ur\u010dit\u00e9 osobn\u00e9 \u00fadaje, ako s\u00fa napr\u00edklad meno, e-mailov\u00e1 adresa, IP adresa a inform\u00e1cie o va\u0161om prehliada\u010di. Tieto \u00fadaje m\u00f4\u017eeme pou\u017ei\u0165 na zlep\u0161enie na\u0161ich slu\u017eieb, personaliz\u00e1ciu obsahu a zasielanie relevantn\u00fdch marketingov\u00fdch komunik\u00e1ci\u00ed.<\/h6><h6>\u00a0<\/h6><h6><strong>VIII. Z\u00e1vere\u010dn\u00e9 ustanovenia<\/strong><\/h6><h6>1. S t\u00fdmito Podmienkami vyjadruje Pou\u017e\u00edvate\u013e s\u00fahlas zakliknut\u00edm pr\u00edslu\u0161n\u00e9ho pol\u00ed\u010dka a n\u00e1sledn\u00fdm odoslan\u00edm internetov\u00e9ho formul\u00e1ra. Zakliknut\u00edm s\u00fahlasu potvrdzuje, \u017ee je obozn\u00e1men\u00fd s Podmienkami ochrany osobn\u00fdch \u00fadajov a \u017ee ich v celom rozsahu prij\u00edma.<\/h6><h6>2. Prev\u00e1dzkovate\u013e je opr\u00e1vnen\u00fd tieto Podmienky zmeni\u0165. Nov\u00fa verziu Podmienok ochrany osobn\u00fdch \u00fadajov zverejn\u00ed na svojich internetov\u00fdch str\u00e1nkach a z\u00e1rove\u0148 Pou\u017e\u00edvate\u013ea upovedom\u00ed zaslan\u00edm spr\u00e1vy na e-mailov\u00fa adresu, ktor\u00fa Prev\u00e1dzkovate\u013eovi poskytol.<\/h6>\t\t\t\t\t\t\t\t<\/div>\n\t\t\t\t<\/div>\n\t\t\t\t<div class=\"elementor-element elementor-element-2be2cd6 elementor-widget elementor-widget-spacer\" data-id=\"2be2cd6\" data-element_type=\"widget\" data-widget_type=\"spacer.default\">\n\t\t\t\t<div class=\"elementor-widget-container\">\n\t\t\t\t\t\t\t<div class=\"elementor-spacer\">\n\t\t\t<div class=\"elementor-spacer-inner\"><\/div>\n\t\t<\/div>\n\t\t\t\t\t\t<\/div>\n\t\t\t\t<\/div>\n\t\t\t\t\t<\/div>\n\t\t\t\t<\/div>\n\t\t<footer class=\"elementor-element elementor-element-1649741 e-con-full e-flex e-con e-parent\" data-id=\"1649741\" data-element_type=\"container\">\n\t\t<div class=\"elementor-element elementor-element-443ceee3 e-con-full e-flex e-con e-child\" data-id=\"443ceee3\" data-element_type=\"container\">\n\t\t\t\t<div class=\"elementor-element elementor-element-430d15a3 elementor-tablet-align-center elementor-align-center elementor-list-item-link-full_width elementor-widget elementor-widget-icon-list\" data-id=\"430d15a3\" data-element_type=\"widget\" data-widget_type=\"icon-list.default\">\n\t\t\t\t<div class=\"elementor-widget-container\">\n\t\t\t\t\t\t\t<ul class=\"elementor-icon-list-items\">\n\t\t\t\t\t\t\t<li class=\"elementor-icon-list-item\">\n\t\t\t\t\t\t\t\t\t\t\t<span class=\"elementor-icon-list-icon\">\n\t\t\t\t\t\t\t<i aria-hidden=\"true\" class=\"fas fa-phone\"><\/i>\t\t\t\t\t\t<\/span>\n\t\t\t\t\t\t\t\t\t\t<span class=\"elementor-icon-list-text\">+421 911 981 109<\/span>\n\t\t\t\t\t\t\t\t\t<\/li>\n\t\t\t\t\t\t\t\t<li class=\"elementor-icon-list-item\">\n\t\t\t\t\t\t\t\t\t\t\t<a href=\"mailto:info@thaik.sk\" target=\"_blank\">\n\n\t\t\t\t\t\t\t\t\t\t\t\t<span class=\"elementor-icon-list-icon\">\n\t\t\t\t\t\t\t<i aria-hidden=\"true\" class=\"fas fa-envelope\"><\/i>\t\t\t\t\t\t<\/span>\n\t\t\t\t\t\t\t\t\t\t<span class=\"elementor-icon-list-text\">info@thaik.sk<\/span>\n\t\t\t\t\t\t\t\t\t\t\t<\/a>\n\t\t\t\t\t\t\t\t\t<\/li>\n\t\t\t\t\t\t\t\t<li class=\"elementor-icon-list-item\">\n\t\t\t\t\t\t\t\t\t\t\t<a href=\"https:\/\/maps.app.goo.gl\/vj7KB61mFv4WbE7y6\" target=\"_blank\">\n\n\t\t\t\t\t\t\t\t\t\t\t\t<span class=\"elementor-icon-list-icon\">\n\t\t\t\t\t\t\t<i aria-hidden=\"true\" class=\"fas fa-map-marker-alt\"><\/i>\t\t\t\t\t\t<\/span>\n\t\t\t\t\t\t\t\t\t\t<span class=\"elementor-icon-list-text\">\u017delezni\u010dn\u00e1 3C, 900 31 Stupava<\/span>\n\t\t\t\t\t\t\t\t\t\t\t<\/a>\n\t\t\t\t\t\t\t\t\t<\/li>\n\t\t\t\t\t\t\t\t<li class=\"elementor-icon-list-item\">\n\t\t\t\t\t\t\t\t\t\t\t<span class=\"elementor-icon-list-icon\">\n\t\t\t\t\t\t\t<i aria-hidden=\"true\" class=\"fas fa-clock\"><\/i>\t\t\t\t\t\t<\/span>\n\t\t\t\t\t\t\t\t\t\t<span class=\"elementor-icon-list-text\">Open MON - SUN 10 AM - 10 PM<\/span>\n\t\t\t\t\t\t\t\t\t<\/li>\n\t\t\t\t\t\t\t\t<li class=\"elementor-icon-list-item\">\n\t\t\t\t\t\t\t\t\t\t\t<a href=\"https:\/\/stupava.thaik.sk\/en\/prevadzkovy-poriadok\/\">\n\n\t\t\t\t\t\t\t\t\t\t\t\t<span class=\"elementor-icon-list-icon\">\n\t\t\t\t\t\t\t<i aria-hidden=\"true\" class=\"fas fa-clipboard-list\"><\/i>\t\t\t\t\t\t<\/span>\n\t\t\t\t\t\t\t\t\t\t<span class=\"elementor-icon-list-text\">Operating Rules<\/span>\n\t\t\t\t\t\t\t\t\t\t\t<\/a>\n\t\t\t\t\t\t\t\t\t<\/li>\n\t\t\t\t\t\t\t\t<li class=\"elementor-icon-list-item\">\n\t\t\t\t\t\t\t\t\t\t\t<a href=\"https:\/\/stupava.thaik.sk\/en\/reklamacny-poriadok\/\">\n\n\t\t\t\t\t\t\t\t\t\t\t\t<span class=\"elementor-icon-list-icon\">\n\t\t\t\t\t\t\t<i aria-hidden=\"true\" class=\"fas fa-clipboard-list\"><\/i>\t\t\t\t\t\t<\/span>\n\t\t\t\t\t\t\t\t\t\t<span class=\"elementor-icon-list-text\">Complaint Policy<\/span>\n\t\t\t\t\t\t\t\t\t\t\t<\/a>\n\t\t\t\t\t\t\t\t\t<\/li>\n\t\t\t\t\t\t\t\t<li class=\"elementor-icon-list-item\">\n\t\t\t\t\t\t\t\t\t\t\t<a href=\"https:\/\/stupava.thaik.sk\/en\/vseobecne-obchodne-podmienky\/\">\n\n\t\t\t\t\t\t\t\t\t\t\t\t<span class=\"elementor-icon-list-icon\">\n\t\t\t\t\t\t\t<i aria-hidden=\"true\" class=\"fas fa-file-alt\"><\/i>\t\t\t\t\t\t<\/span>\n\t\t\t\t\t\t\t\t\t\t<span class=\"elementor-icon-list-text\">Terms &amp; Conditions<\/span>\n\t\t\t\t\t\t\t\t\t\t\t<\/a>\n\t\t\t\t\t\t\t\t\t<\/li>\n\t\t\t\t\t\t\t\t<li class=\"elementor-icon-list-item\">\n\t\t\t\t\t\t\t\t\t\t\t<a href=\"https:\/\/stupava.thaik.sk\/en\/ochrana-sukromia\/\">\n\n\t\t\t\t\t\t\t\t\t\t\t\t<span class=\"elementor-icon-list-icon\">\n\t\t\t\t\t\t\t<i aria-hidden=\"true\" class=\"fas fa-file-alt\"><\/i>\t\t\t\t\t\t<\/span>\n\t\t\t\t\t\t\t\t\t\t<span class=\"elementor-icon-list-text\">Privacy Policy<\/span>\n\t\t\t\t\t\t\t\t\t\t\t<\/a>\n\t\t\t\t\t\t\t\t\t<\/li>\n\t\t\t\t\t\t<\/ul>\n\t\t\t\t\t\t<\/div>\n\t\t\t\t<\/div>\n\t\t\t\t<\/div>\n\t\t\t\t<\/footer>\n\t\t<div class=\"elementor-element elementor-element-2ff8801d e-con-full e-flex e-con e-parent\" data-id=\"2ff8801d\" data-element_type=\"container\">\n\t\t<div class=\"elementor-element elementor-element-2a75ac8f e-con-full e-transform e-flex e-con e-child\" data-id=\"2a75ac8f\" data-element_type=\"container\" data-settings=\"{&quot;_transform_scale_effect_tablet&quot;:{&quot;unit&quot;:&quot;px&quot;,&quot;size&quot;:1.3000000000000000444089209850062616169452667236328125,&quot;sizes&quot;:[]},&quot;_transform_scale_effect&quot;:{&quot;unit&quot;:&quot;px&quot;,&quot;size&quot;:&quot;&quot;,&quot;sizes&quot;:[]},&quot;_transform_scale_effect_mobile&quot;:{&quot;unit&quot;:&quot;px&quot;,&quot;size&quot;:&quot;&quot;,&quot;sizes&quot;:[]}}\">\n\t\t\t\t<div class=\"elementor-element elementor-element-1f24fa81 e-grid-align-right e-grid-align-tablet-right e-grid-align-mobile-center elementor-widget-mobile__width-inherit elementor-shape-rounded elementor-grid-0 elementor-widget elementor-widget-social-icons\" data-id=\"1f24fa81\" data-element_type=\"widget\" data-widget_type=\"social-icons.default\">\n\t\t\t\t<div class=\"elementor-widget-container\">\n\t\t\t\t\t\t\t<div class=\"elementor-social-icons-wrapper elementor-grid\" role=\"list\">\n\t\t\t\t\t\t\t<span class=\"elementor-grid-item\" role=\"listitem\">\n\t\t\t\t\t<a class=\"elementor-icon elementor-social-icon elementor-social-icon-facebook-f elementor-repeater-item-3f1b7ac\" href=\"https:\/\/www.facebook.com\/THAIKmassageandspa\" target=\"_blank\">\n\t\t\t\t\t\t<span class=\"elementor-screen-only\">Facebook-f<\/span>\n\t\t\t\t\t\t<i aria-hidden=\"true\" class=\"fab fa-facebook-f\"><\/i>\t\t\t\t\t<\/a>\n\t\t\t\t<\/span>\n\t\t\t\t\t\t\t<span class=\"elementor-grid-item\" role=\"listitem\">\n\t\t\t\t\t<a class=\"elementor-icon elementor-social-icon elementor-social-icon-instagram elementor-repeater-item-3c50740\" href=\"https:\/\/www.instagram.com\/thaik_massageandspa\/\" target=\"_blank\">\n\t\t\t\t\t\t<span class=\"elementor-screen-only\">Instagram<\/span>\n\t\t\t\t\t\t<i aria-hidden=\"true\" class=\"fab fa-instagram\"><\/i>\t\t\t\t\t<\/a>\n\t\t\t\t<\/span>\n\t\t\t\t\t<\/div>\n\t\t\t\t\t\t<\/div>\n\t\t\t\t<\/div>\n\t\t\t\t<\/div>\n\t\t\t\t<div class=\"elementor-element elementor-element-44e0290e elementor-widget elementor-widget-image\" data-id=\"44e0290e\" data-element_type=\"widget\" data-widget_type=\"image.default\">\n\t\t\t\t<div class=\"elementor-widget-container\">\n\t\t\t\t\t\t\t\t\t\t\t\t\t\t\t<img fetchpriority=\"high\" decoding=\"async\" width=\"3141\" height=\"1066\" src=\"https:\/\/stupava.thaik.sk\/wp-content\/uploads\/2024\/03\/Black-logo-no-background.png\" class=\"attachment-full size-full wp-image-43\" alt=\"\" srcset=\"https:\/\/stupava.thaik.sk\/wp-content\/uploads\/2024\/03\/Black-logo-no-background.png 3141w, https:\/\/stupava.thaik.sk\/wp-content\/uploads\/2024\/03\/Black-logo-no-background-300x102.png 300w, https:\/\/stupava.thaik.sk\/wp-content\/uploads\/2024\/03\/Black-logo-no-background-1024x348.png 1024w, https:\/\/stupava.thaik.sk\/wp-content\/uploads\/2024\/03\/Black-logo-no-background-768x261.png 768w, https:\/\/stupava.thaik.sk\/wp-content\/uploads\/2024\/03\/Black-logo-no-background-1536x521.png 1536w, https:\/\/stupava.thaik.sk\/wp-content\/uploads\/2024\/03\/Black-logo-no-background-2048x695.png 2048w\" sizes=\"(max-width: 3141px) 100vw, 3141px\" \/>\t\t\t\t\t\t\t\t\t\t\t\t\t\t\t<\/div>\n\t\t\t\t<\/div>\n\t\t\t\t<div class=\"elementor-element elementor-element-1398a619 elementor-widget elementor-widget-heading\" data-id=\"1398a619\" data-element_type=\"widget\" data-widget_type=\"heading.default\">\n\t\t\t\t<div class=\"elementor-widget-container\">\n\t\t\t\t\t<p class=\"elementor-heading-title elementor-size-default\">THAI K - Massage &amp; Spa 2026 \u00a9 All Rights Reserved<\/p>\t\t\t\t<\/div>\n\t\t\t\t<\/div>\n\t\t\t\t<\/div>\n\t\t\t\t<\/div>","protected":false},"excerpt":{"rendered":"<p>Podmienky spracovania osobn\u00fdch \u00fadajov N\u00e1v\u0161tevou webovej str\u00e1nky www.thaik.sk a vyplnen\u00edm rezerva\u010dn\u00e9ho formul\u00e1ru v syst\u00e9me vyjadrujete s\u00fahlas: I. Z\u00e1kladn\u00e9 ustanovenia V t\u00fdchto Podmienkach s\u00fa preh\u013eadne obsiahnut\u00e9 pravidl\u00e1 a z\u00e1sady spracovania osobn\u00fdch \u00fadajov pou\u017e\u00edvate\u013eov slu\u017eieb spolo\u010dnosti SKO s.r.o., H\u00fa\u0161\u010davova 1151\/3, 841 01 Bratislava, I\u010cO: 55 466 532, zap\u00edsan\u00e1 v Obchodnom registri Mestsk\u00e9ho s\u00fadu Bratislava III, Oddiel: Sro [&hellip;]<\/p>\n","protected":false},"author":1,"featured_media":0,"parent":0,"menu_order":2,"comment_status":"closed","ping_status":"closed","template":"elementor_theme","meta":{"footnotes":""},"class_list":["post-3","page","type-page","status-publish","hentry"],"_links":{"self":[{"href":"https:\/\/stupava.thaik.sk\/en\/wp-json\/wp\/v2\/pages\/3","targetHints":{"allow":["GET"]}}],"collection":[{"href":"https:\/\/stupava.thaik.sk\/en\/wp-json\/wp\/v2\/pages"}],"about":[{"href":"https:\/\/stupava.thaik.sk\/en\/wp-json\/wp\/v2\/types\/page"}],"author":[{"embeddable":true,"href":"https:\/\/stupava.thaik.sk\/en\/wp-json\/wp\/v2\/users\/1"}],"replies":[{"embeddable":true,"href":"https:\/\/stupava.thaik.sk\/en\/wp-json\/wp\/v2\/comments?post=3"}],"version-history":[{"count":49,"href":"https:\/\/stupava.thaik.sk\/en\/wp-json\/wp\/v2\/pages\/3\/revisions"}],"predecessor-version":[{"id":2461,"href":"https:\/\/stupava.thaik.sk\/en\/wp-json\/wp\/v2\/pages\/3\/revisions\/2461"}],"wp:attachment":[{"href":"https:\/\/stupava.thaik.sk\/en\/wp-json\/wp\/v2\/media?parent=3"}],"curies":[{"name":"wp","href":"https:\/\/api.w.org\/{rel}","templated":true}]}}