{"id":250,"date":"2024-03-27T16:25:40","date_gmt":"2024-03-27T15:25:40","guid":{"rendered":"https:\/\/stupava.thaik.sk\/?page_id=250"},"modified":"2026-01-12T11:01:09","modified_gmt":"2026-01-12T10:01:09","slug":"vouchery","status":"publish","type":"page","link":"https:\/\/stupava.thaik.sk\/en\/vouchery\/","title":{"rendered":"Vouchers"},"content":{"rendered":"<div data-elementor-type=\"wp-page\" data-elementor-id=\"250\" class=\"elementor elementor-250\">\n\t\t\t\t<div class=\"elementor-element elementor-element-15884c73 e-con-full e-flex e-con e-parent\" data-id=\"15884c73\" data-element_type=\"container\" data-settings=\"{&quot;background_background&quot;:&quot;classic&quot;}\">\n\t\t<div class=\"elementor-element elementor-element-51b38c3f e-con-full e-flex e-con e-child\" data-id=\"51b38c3f\" data-element_type=\"container\">\n\t\t\t\t<div class=\"elementor-element elementor-element-46affc45 elementor-widget__width-initial elementor-widget-tablet__width-initial elementor-widget elementor-widget-heading\" data-id=\"46affc45\" data-element_type=\"widget\" data-widget_type=\"heading.default\">\n\t\t\t\t<div class=\"elementor-widget-container\">\n\t\t\t\t\t<h1 class=\"elementor-heading-title elementor-size-default\">Relaxation as a Gift<\/h1>\t\t\t\t<\/div>\n\t\t\t\t<\/div>\n\t\t\t\t<div class=\"elementor-element elementor-element-4c3b2d51 elementor-widget__width-initial elementor-widget elementor-widget-heading\" data-id=\"4c3b2d51\" data-element_type=\"widget\" data-widget_type=\"heading.default\">\n\t\t\t\t<div class=\"elementor-widget-container\">\n\t\t\t\t\t<h2 class=\"elementor-heading-title elementor-size-default\">Available in Salon or Online<\/h2>\t\t\t\t<\/div>\n\t\t\t\t<\/div>\n\t\t\t\t<div class=\"elementor-element elementor-element-ac8de51 elementor-align-left elementor-mobile-align-left elementor-widget-tablet__width-initial elementor-widget-mobile__width-initial elementor-invisible elementor-widget elementor-widget-button\" data-id=\"ac8de51\" data-element_type=\"widget\" data-settings=\"{&quot;_animation&quot;:&quot;fadeInDown&quot;}\" data-widget_type=\"button.default\">\n\t\t\t\t<div class=\"elementor-widget-container\">\n\t\t\t\t\t\t\t\t\t<div class=\"elementor-button-wrapper\">\n\t\t\t\t\t<a class=\"elementor-button elementor-button-link elementor-size-lg\" href=\"https:\/\/booqme.sk\/sk\/eshop\/thai-k-massage-spa\">\n\t\t\t\t\t\t<span class=\"elementor-button-content-wrapper\">\n\t\t\t\t\t\t\t\t\t<span class=\"elementor-button-text\">ONLINE VOUCHER<\/span>\n\t\t\t\t\t<\/span>\n\t\t\t\t\t<\/a>\n\t\t\t\t<\/div>\n\t\t\t\t\t\t\t\t<\/div>\n\t\t\t\t<\/div>\n\t\t\t\t<\/div>\n\t\t\t\t<\/div>\n\t\t<div class=\"elementor-element elementor-element-0dec9b8 elementor-hidden-tablet elementor-hidden-mobile e-flex e-con-boxed e-con e-parent\" data-id=\"0dec9b8\" data-element_type=\"container\">\n\t\t\t\t\t<div class=\"e-con-inner\">\n\t\t\t\t<div class=\"elementor-element elementor-element-2a4a9a5 elementor-widget elementor-widget-spacer\" data-id=\"2a4a9a5\" data-element_type=\"widget\" data-widget_type=\"spacer.default\">\n\t\t\t\t<div class=\"elementor-widget-container\">\n\t\t\t\t\t\t\t<div class=\"elementor-spacer\">\n\t\t\t<div class=\"elementor-spacer-inner\"><\/div>\n\t\t<\/div>\n\t\t\t\t\t\t<\/div>\n\t\t\t\t<\/div>\n\t\t\t\t\t<\/div>\n\t\t\t\t<\/div>\n\t\t<div class=\"elementor-element elementor-element-7caa59dd e-con-full e-flex e-con e-parent\" data-id=\"7caa59dd\" data-element_type=\"container\">\n\t\t<div class=\"elementor-element elementor-element-6e9da298 e-con-full e-flex e-con e-child\" data-id=\"6e9da298\" data-element_type=\"container\">\n\t\t<div class=\"elementor-element elementor-element-1eff3a3e e-con-full e-flex e-con e-child\" data-id=\"1eff3a3e\" data-element_type=\"container\">\n\t\t\t\t<div class=\"elementor-element elementor-element-288f0495 elementor-widget elementor-widget-heading\" data-id=\"288f0495\" data-element_type=\"widget\" data-widget_type=\"heading.default\">\n\t\t\t\t<div class=\"elementor-widget-container\">\n\t\t\t\t\t<h3 class=\"elementor-heading-title elementor-size-default\">Custom voucher<\/h3>\t\t\t\t<\/div>\n\t\t\t\t<\/div>\n\t\t\t\t<div class=\"elementor-element elementor-element-579014ba elementor-widget__width-initial elementor-widget-tablet__width-initial elementor-widget elementor-widget-text-editor\" data-id=\"579014ba\" data-element_type=\"widget\" data-widget_type=\"text-editor.default\">\n\t\t\t\t<div class=\"elementor-widget-container\">\n\t\t\t\t\t\t\t\t\t<p style=\"text-align: left;\">Looking for a gift that always impresses? Surprise your loved ones with a THAI K gift voucher - a thoughtful way to show you care.<\/p><p style=\"text-align: left;\">Simply visit our salon and we'll prepare your voucher exactly as you wish. You choose the value, and we hand it to you right away in an elegant printed design, ready to gift. With the freedom to customize and our personal approach, it's a present guaranteed to delight anyone.\u00a0<\/p>\t\t\t\t\t\t\t\t<\/div>\n\t\t\t\t<\/div>\n\t\t\t\t<div class=\"elementor-element elementor-element-8bcb9d7 elementor-widget__width-initial e-transform elementor-widget-tablet__width-initial elementor-widget elementor-widget-image\" data-id=\"8bcb9d7\" data-element_type=\"widget\" data-settings=\"{&quot;_transform_scale_effect&quot;:{&quot;unit&quot;:&quot;px&quot;,&quot;size&quot;:&quot;&quot;,&quot;sizes&quot;:[]},&quot;_transform_scale_effect_tablet&quot;:{&quot;unit&quot;:&quot;px&quot;,&quot;size&quot;:&quot;&quot;,&quot;sizes&quot;:[]},&quot;_transform_scale_effect_mobile&quot;:{&quot;unit&quot;:&quot;px&quot;,&quot;size&quot;:&quot;&quot;,&quot;sizes&quot;:[]}}\" data-widget_type=\"image.default\">\n\t\t\t\t<div class=\"elementor-widget-container\">\n\t\t\t\t\t\t\t\t\t\t\t\t\t\t\t<img decoding=\"async\" width=\"300\" height=\"133\" src=\"https:\/\/stupava.thaik.sk\/wp-content\/uploads\/2025\/03\/Voucher2025-300x133.png\" class=\"attachment-medium size-medium wp-image-1803\" alt=\"\" srcset=\"https:\/\/stupava.thaik.sk\/wp-content\/uploads\/2025\/03\/Voucher2025-300x133.png 300w, https:\/\/stupava.thaik.sk\/wp-content\/uploads\/2025\/03\/Voucher2025-1024x455.png 1024w, https:\/\/stupava.thaik.sk\/wp-content\/uploads\/2025\/03\/Voucher2025-768x341.png 768w, https:\/\/stupava.thaik.sk\/wp-content\/uploads\/2025\/03\/Voucher2025-1536x683.png 1536w, https:\/\/stupava.thaik.sk\/wp-content\/uploads\/2025\/03\/Voucher2025.png 2000w\" sizes=\"(max-width: 300px) 100vw, 300px\" \/>\t\t\t\t\t\t\t\t\t\t\t\t\t\t\t<\/div>\n\t\t\t\t<\/div>\n\t\t\t\t<\/div>\n\t\t<div class=\"elementor-element elementor-element-34d54acc e-con-full e-transform e-flex e-con e-child\" data-id=\"34d54acc\" data-element_type=\"container\" data-settings=\"{&quot;_transform_scale_effect_mobile&quot;:{&quot;unit&quot;:&quot;px&quot;,&quot;size&quot;:0.40000000000000002220446049250313080847263336181640625,&quot;sizes&quot;:[]},&quot;_transform_scale_effect&quot;:{&quot;unit&quot;:&quot;px&quot;,&quot;size&quot;:&quot;&quot;,&quot;sizes&quot;:[]},&quot;_transform_scale_effect_tablet&quot;:{&quot;unit&quot;:&quot;px&quot;,&quot;size&quot;:&quot;&quot;,&quot;sizes&quot;:[]}}\">\n\t\t\t\t<div class=\"elementor-element elementor-element-36a6cb92 elementor-widget elementor-widget-heading\" data-id=\"36a6cb92\" data-element_type=\"widget\" data-widget_type=\"heading.default\">\n\t\t\t\t<div class=\"elementor-widget-container\">\n\t\t\t\t\t<h3 class=\"elementor-heading-title elementor-size-default\">Online voucher<\/h3>\t\t\t\t<\/div>\n\t\t\t\t<\/div>\n\t\t\t\t<div class=\"elementor-element elementor-element-636fdeb9 elementor-widget-tablet__width-initial elementor-widget elementor-widget-text-editor\" data-id=\"636fdeb9\" data-element_type=\"widget\" data-widget_type=\"text-editor.default\">\n\t\t\t\t<div class=\"elementor-widget-container\">\n\t\t\t\t\t\t\t\t\t<p style=\"text-align: left;\">Get your online voucher quickly and easily. Choose from our available price options, pay securely online, and your gift is ready in just seconds.<\/p><p style=\"text-align: left;\">Right after payment, the voucher will be delivered straight to your email, ready to gift or print. No waiting, just a quick, elegant, and convenient way to surprise your loved ones.<\/p>\t\t\t\t\t\t\t\t<\/div>\n\t\t\t\t<\/div>\n\t\t\t\t<div class=\"elementor-element elementor-element-7ed14169 elementor-align-left elementor-mobile-align-left elementor-widget-tablet__width-initial elementor-widget-mobile__width-initial elementor-invisible elementor-widget elementor-widget-button\" data-id=\"7ed14169\" data-element_type=\"widget\" data-settings=\"{&quot;_animation&quot;:&quot;fadeInDown&quot;}\" data-widget_type=\"button.default\">\n\t\t\t\t<div class=\"elementor-widget-container\">\n\t\t\t\t\t\t\t\t\t<div class=\"elementor-button-wrapper\">\n\t\t\t\t\t<a class=\"elementor-button elementor-button-link elementor-size-lg\" href=\"https:\/\/booqme.sk\/sk\/eshop\/thai-k-massage-spa\">\n\t\t\t\t\t\t<span class=\"elementor-button-content-wrapper\">\n\t\t\t\t\t\t\t\t\t<span class=\"elementor-button-text\">BUY ONLINE VOUCHER<\/span>\n\t\t\t\t\t<\/span>\n\t\t\t\t\t<\/a>\n\t\t\t\t<\/div>\n\t\t\t\t\t\t\t\t<\/div>\n\t\t\t\t<\/div>\n\t\t\t\t<\/div>\n\t\t\t\t<\/div>\n\t\t\t\t<\/div>\n\t\t<div class=\"elementor-element elementor-element-619686b2 e-con-full e-flex e-con e-parent\" data-id=\"619686b2\" data-element_type=\"container\">\n\t\t<div class=\"elementor-element elementor-element-57c27d2 e-con-full e-flex e-con e-child\" data-id=\"57c27d2\" data-element_type=\"container\">\n\t\t<div class=\"elementor-element elementor-element-3417f736 e-con-full e-transform e-flex e-con e-child\" data-id=\"3417f736\" data-element_type=\"container\" data-settings=\"{&quot;_transform_scale_effect_mobile&quot;:{&quot;unit&quot;:&quot;px&quot;,&quot;size&quot;:0.40000000000000002220446049250313080847263336181640625,&quot;sizes&quot;:[]},&quot;_transform_scale_effect&quot;:{&quot;unit&quot;:&quot;px&quot;,&quot;size&quot;:&quot;&quot;,&quot;sizes&quot;:[]},&quot;_transform_scale_effect_tablet&quot;:{&quot;unit&quot;:&quot;px&quot;,&quot;size&quot;:&quot;&quot;,&quot;sizes&quot;:[]}}\">\n\t\t\t\t<div class=\"elementor-element elementor-element-2067b781 elementor-hidden-tablet elementor-hidden-mobile elementor-widget elementor-widget-image\" data-id=\"2067b781\" data-element_type=\"widget\" data-widget_type=\"image.default\">\n\t\t\t\t<div class=\"elementor-widget-container\">\n\t\t\t\t\t\t\t\t\t\t\t\t\t\t\t<img fetchpriority=\"high\" decoding=\"async\" width=\"1402\" height=\"1245\" src=\"https:\/\/stupava.thaik.sk\/wp-content\/uploads\/2024\/05\/hlava-bez-pozadia.png\" class=\"attachment-full size-full wp-image-928\" alt=\"\" srcset=\"https:\/\/stupava.thaik.sk\/wp-content\/uploads\/2024\/05\/hlava-bez-pozadia.png 1402w, https:\/\/stupava.thaik.sk\/wp-content\/uploads\/2024\/05\/hlava-bez-pozadia-300x266.png 300w, https:\/\/stupava.thaik.sk\/wp-content\/uploads\/2024\/05\/hlava-bez-pozadia-1024x909.png 1024w, https:\/\/stupava.thaik.sk\/wp-content\/uploads\/2024\/05\/hlava-bez-pozadia-768x682.png 768w\" sizes=\"(max-width: 1402px) 100vw, 1402px\" \/>\t\t\t\t\t\t\t\t\t\t\t\t\t\t\t<\/div>\n\t\t\t\t<\/div>\n\t\t\t\t<\/div>\n\t\t\t\t<\/div>\n\t\t<div class=\"elementor-element elementor-element-5d625c26 e-con-full e-flex e-con e-child\" data-id=\"5d625c26\" data-element_type=\"container\">\n\t\t\t\t<div class=\"elementor-element elementor-element-394dccc1 elementor-widget elementor-widget-heading\" data-id=\"394dccc1\" data-element_type=\"widget\" data-widget_type=\"heading.default\">\n\t\t\t\t<div class=\"elementor-widget-container\">\n\t\t\t\t\t<h3 class=\"elementor-heading-title elementor-size-default\">Terms &amp; Conditions<\/h3>\t\t\t\t<\/div>\n\t\t\t\t<\/div>\n\t\t\t\t<div class=\"elementor-element elementor-element-4f1f466f elementor-widget elementor-widget-text-editor\" data-id=\"4f1f466f\" data-element_type=\"widget\" data-widget_type=\"text-editor.default\">\n\t\t\t\t<div class=\"elementor-widget-container\">\n\t\t\t\t\t\t\t\t\t<ul><li><p>The voucher is valid for all our services.<\/p><\/li><li><p>The voucher is valid for 12 months from the date of purchase.<\/p><\/li><li><p>The voucher can be used as payment for services up to the value stated on the voucher. It can be combined with a cash payment if the service exceeds the voucher value.\u00a0<\/p><\/li><li><p>Voucher payment must be declared before the start of the service to verify validity.<\/p><\/li><li><p>The value of the voucher is stated in EUR. Any unused balance cannot be exchanged for cash. However, the remaining balance can be used for another service appointment at our salon.\u00a0<\/p><\/li><li><p>The voucher is valid only for the period indicated on the voucher. The validity period cannot be extended.<\/p><\/li><li>Each voucher contains a unique verification code.<\/li><\/ul>\t\t\t\t\t\t\t\t<\/div>\n\t\t\t\t<\/div>\n\t\t\t\t<\/div>\n\t\t\t\t<\/div>\n\t\t<div class=\"elementor-element elementor-element-168f1807 e-flex e-con-boxed e-con e-parent\" data-id=\"168f1807\" data-element_type=\"container\">\n\t\t\t\t\t<div class=\"e-con-inner\">\n\t\t\t\t<div class=\"elementor-element elementor-element-40247b6 elementor-widget__width-initial elementor-widget elementor-widget-heading\" data-id=\"40247b6\" data-element_type=\"widget\" data-widget_type=\"heading.default\">\n\t\t\t\t<div class=\"elementor-widget-container\">\n\t\t\t\t\t<h3 class=\"elementor-heading-title elementor-size-default\">Rest is not a luxury, but a necessity for body and soul.<\/h3>\t\t\t\t<\/div>\n\t\t\t\t<\/div>\n\t\t\t\t<div class=\"elementor-element elementor-element-4b6f8b04 elementor-align-center elementor-mobile-align-center elementor-invisible elementor-widget elementor-widget-button\" data-id=\"4b6f8b04\" data-element_type=\"widget\" data-settings=\"{&quot;_animation&quot;:&quot;fadeInDown&quot;}\" data-widget_type=\"button.default\">\n\t\t\t\t<div class=\"elementor-widget-container\">\n\t\t\t\t\t\t\t\t\t<div class=\"elementor-button-wrapper\">\n\t\t\t\t\t<a class=\"elementor-button elementor-button-link elementor-size-lg\" href=\"https:\/\/booqme.sk\/sk\/rezervacia\/thai-k-massage-spa\">\n\t\t\t\t\t\t<span class=\"elementor-button-content-wrapper\">\n\t\t\t\t\t\t\t\t\t<span class=\"elementor-button-text\">BOOK NOW<\/span>\n\t\t\t\t\t<\/span>\n\t\t\t\t\t<\/a>\n\t\t\t\t<\/div>\n\t\t\t\t\t\t\t\t<\/div>\n\t\t\t\t<\/div>\n\t\t\t\t\t<\/div>\n\t\t\t\t<\/div>\n\t\t<footer class=\"elementor-element elementor-element-5b9a163 e-con-full e-flex e-con e-parent\" data-id=\"5b9a163\" data-element_type=\"container\">\n\t\t<div class=\"elementor-element elementor-element-7ed67cfb e-con-full e-flex e-con e-child\" data-id=\"7ed67cfb\" data-element_type=\"container\">\n\t\t\t\t<div class=\"elementor-element elementor-element-4edbef00 elementor-tablet-align-center elementor-align-center elementor-list-item-link-full_width elementor-widget elementor-widget-icon-list\" data-id=\"4edbef00\" data-element_type=\"widget\" data-widget_type=\"icon-list.default\">\n\t\t\t\t<div class=\"elementor-widget-container\">\n\t\t\t\t\t\t\t<ul class=\"elementor-icon-list-items\">\n\t\t\t\t\t\t\t<li class=\"elementor-icon-list-item\">\n\t\t\t\t\t\t\t\t\t\t\t<span class=\"elementor-icon-list-icon\">\n\t\t\t\t\t\t\t<i aria-hidden=\"true\" class=\"fas fa-phone\"><\/i>\t\t\t\t\t\t<\/span>\n\t\t\t\t\t\t\t\t\t\t<span class=\"elementor-icon-list-text\">+421 911 981 109<\/span>\n\t\t\t\t\t\t\t\t\t<\/li>\n\t\t\t\t\t\t\t\t<li class=\"elementor-icon-list-item\">\n\t\t\t\t\t\t\t\t\t\t\t<a href=\"mailto:info@thaik.sk\" target=\"_blank\">\n\n\t\t\t\t\t\t\t\t\t\t\t\t<span class=\"elementor-icon-list-icon\">\n\t\t\t\t\t\t\t<i aria-hidden=\"true\" class=\"fas fa-envelope\"><\/i>\t\t\t\t\t\t<\/span>\n\t\t\t\t\t\t\t\t\t\t<span class=\"elementor-icon-list-text\">info@thaik.sk<\/span>\n\t\t\t\t\t\t\t\t\t\t\t<\/a>\n\t\t\t\t\t\t\t\t\t<\/li>\n\t\t\t\t\t\t\t\t<li class=\"elementor-icon-list-item\">\n\t\t\t\t\t\t\t\t\t\t\t<a href=\"https:\/\/maps.app.goo.gl\/vj7KB61mFv4WbE7y6\" target=\"_blank\">\n\n\t\t\t\t\t\t\t\t\t\t\t\t<span class=\"elementor-icon-list-icon\">\n\t\t\t\t\t\t\t<i aria-hidden=\"true\" class=\"fas fa-map-marker-alt\"><\/i>\t\t\t\t\t\t<\/span>\n\t\t\t\t\t\t\t\t\t\t<span class=\"elementor-icon-list-text\">\u017delezni\u010dn\u00e1 3C, 900 31 Stupava<\/span>\n\t\t\t\t\t\t\t\t\t\t\t<\/a>\n\t\t\t\t\t\t\t\t\t<\/li>\n\t\t\t\t\t\t\t\t<li class=\"elementor-icon-list-item\">\n\t\t\t\t\t\t\t\t\t\t\t<span class=\"elementor-icon-list-icon\">\n\t\t\t\t\t\t\t<i aria-hidden=\"true\" class=\"fas fa-clock\"><\/i>\t\t\t\t\t\t<\/span>\n\t\t\t\t\t\t\t\t\t\t<span class=\"elementor-icon-list-text\">Open MON - SUN 10 AM - 10 PM<\/span>\n\t\t\t\t\t\t\t\t\t<\/li>\n\t\t\t\t\t\t\t\t<li class=\"elementor-icon-list-item\">\n\t\t\t\t\t\t\t\t\t\t\t<a href=\"https:\/\/stupava.thaik.sk\/en\/prevadzkovy-poriadok\/\">\n\n\t\t\t\t\t\t\t\t\t\t\t\t<span class=\"elementor-icon-list-icon\">\n\t\t\t\t\t\t\t<i aria-hidden=\"true\" class=\"fas fa-clipboard-list\"><\/i>\t\t\t\t\t\t<\/span>\n\t\t\t\t\t\t\t\t\t\t<span class=\"elementor-icon-list-text\">Operating Rules<\/span>\n\t\t\t\t\t\t\t\t\t\t\t<\/a>\n\t\t\t\t\t\t\t\t\t<\/li>\n\t\t\t\t\t\t\t\t<li class=\"elementor-icon-list-item\">\n\t\t\t\t\t\t\t\t\t\t\t<a href=\"https:\/\/stupava.thaik.sk\/en\/reklamacny-poriadok\/\">\n\n\t\t\t\t\t\t\t\t\t\t\t\t<span class=\"elementor-icon-list-icon\">\n\t\t\t\t\t\t\t<i aria-hidden=\"true\" class=\"fas fa-clipboard-list\"><\/i>\t\t\t\t\t\t<\/span>\n\t\t\t\t\t\t\t\t\t\t<span class=\"elementor-icon-list-text\">Complaint Policy<\/span>\n\t\t\t\t\t\t\t\t\t\t\t<\/a>\n\t\t\t\t\t\t\t\t\t<\/li>\n\t\t\t\t\t\t\t\t<li class=\"elementor-icon-list-item\">\n\t\t\t\t\t\t\t\t\t\t\t<a href=\"https:\/\/stupava.thaik.sk\/en\/vseobecne-obchodne-podmienky\/\">\n\n\t\t\t\t\t\t\t\t\t\t\t\t<span class=\"elementor-icon-list-icon\">\n\t\t\t\t\t\t\t<i aria-hidden=\"true\" class=\"fas fa-file-alt\"><\/i>\t\t\t\t\t\t<\/span>\n\t\t\t\t\t\t\t\t\t\t<span class=\"elementor-icon-list-text\">Terms &amp; Conditions<\/span>\n\t\t\t\t\t\t\t\t\t\t\t<\/a>\n\t\t\t\t\t\t\t\t\t<\/li>\n\t\t\t\t\t\t\t\t<li class=\"elementor-icon-list-item\">\n\t\t\t\t\t\t\t\t\t\t\t<a href=\"https:\/\/stupava.thaik.sk\/en\/ochrana-sukromia\/\">\n\n\t\t\t\t\t\t\t\t\t\t\t\t<span class=\"elementor-icon-list-icon\">\n\t\t\t\t\t\t\t<i aria-hidden=\"true\" class=\"fas fa-file-alt\"><\/i>\t\t\t\t\t\t<\/span>\n\t\t\t\t\t\t\t\t\t\t<span class=\"elementor-icon-list-text\">Privacy Policy<\/span>\n\t\t\t\t\t\t\t\t\t\t\t<\/a>\n\t\t\t\t\t\t\t\t\t<\/li>\n\t\t\t\t\t\t<\/ul>\n\t\t\t\t\t\t<\/div>\n\t\t\t\t<\/div>\n\t\t\t\t<\/div>\n\t\t\t\t<\/footer>\n\t\t<div class=\"elementor-element elementor-element-642c7bd7 e-con-full e-flex e-con e-parent\" data-id=\"642c7bd7\" data-element_type=\"container\">\n\t\t<div class=\"elementor-element elementor-element-56a9ff44 e-con-full e-transform e-flex e-con e-child\" data-id=\"56a9ff44\" data-element_type=\"container\" data-settings=\"{&quot;_transform_scale_effect_tablet&quot;:{&quot;unit&quot;:&quot;px&quot;,&quot;size&quot;:1.3000000000000000444089209850062616169452667236328125,&quot;sizes&quot;:[]},&quot;_transform_scale_effect&quot;:{&quot;unit&quot;:&quot;px&quot;,&quot;size&quot;:&quot;&quot;,&quot;sizes&quot;:[]},&quot;_transform_scale_effect_mobile&quot;:{&quot;unit&quot;:&quot;px&quot;,&quot;size&quot;:&quot;&quot;,&quot;sizes&quot;:[]}}\">\n\t\t\t\t<div class=\"elementor-element elementor-element-185cc1d6 e-grid-align-right e-grid-align-tablet-right e-grid-align-mobile-center elementor-widget-mobile__width-inherit elementor-shape-rounded elementor-grid-0 elementor-widget elementor-widget-social-icons\" data-id=\"185cc1d6\" data-element_type=\"widget\" data-widget_type=\"social-icons.default\">\n\t\t\t\t<div class=\"elementor-widget-container\">\n\t\t\t\t\t\t\t<div class=\"elementor-social-icons-wrapper elementor-grid\" role=\"list\">\n\t\t\t\t\t\t\t<span class=\"elementor-grid-item\" role=\"listitem\">\n\t\t\t\t\t<a class=\"elementor-icon elementor-social-icon elementor-social-icon-facebook-f elementor-repeater-item-3f1b7ac\" href=\"https:\/\/www.facebook.com\/THAIKmassageandspa\" target=\"_blank\">\n\t\t\t\t\t\t<span class=\"elementor-screen-only\">Facebook-f<\/span>\n\t\t\t\t\t\t<i aria-hidden=\"true\" class=\"fab fa-facebook-f\"><\/i>\t\t\t\t\t<\/a>\n\t\t\t\t<\/span>\n\t\t\t\t\t\t\t<span class=\"elementor-grid-item\" role=\"listitem\">\n\t\t\t\t\t<a class=\"elementor-icon elementor-social-icon elementor-social-icon-instagram elementor-repeater-item-3c50740\" href=\"https:\/\/www.instagram.com\/thaik_massageandspa\/\" target=\"_blank\">\n\t\t\t\t\t\t<span class=\"elementor-screen-only\">Instagram<\/span>\n\t\t\t\t\t\t<i aria-hidden=\"true\" class=\"fab fa-instagram\"><\/i>\t\t\t\t\t<\/a>\n\t\t\t\t<\/span>\n\t\t\t\t\t<\/div>\n\t\t\t\t\t\t<\/div>\n\t\t\t\t<\/div>\n\t\t\t\t<\/div>\n\t\t\t\t<div class=\"elementor-element elementor-element-40f58721 elementor-widget elementor-widget-image\" data-id=\"40f58721\" data-element_type=\"widget\" data-widget_type=\"image.default\">\n\t\t\t\t<div class=\"elementor-widget-container\">\n\t\t\t\t\t\t\t\t\t\t\t\t\t\t\t<img decoding=\"async\" width=\"3141\" height=\"1066\" src=\"https:\/\/stupava.thaik.sk\/wp-content\/uploads\/2024\/03\/Black-logo-no-background.png\" class=\"attachment-full size-full wp-image-43\" alt=\"\" srcset=\"https:\/\/stupava.thaik.sk\/wp-content\/uploads\/2024\/03\/Black-logo-no-background.png 3141w, https:\/\/stupava.thaik.sk\/wp-content\/uploads\/2024\/03\/Black-logo-no-background-300x102.png 300w, https:\/\/stupava.thaik.sk\/wp-content\/uploads\/2024\/03\/Black-logo-no-background-1024x348.png 1024w, https:\/\/stupava.thaik.sk\/wp-content\/uploads\/2024\/03\/Black-logo-no-background-768x261.png 768w, https:\/\/stupava.thaik.sk\/wp-content\/uploads\/2024\/03\/Black-logo-no-background-1536x521.png 1536w, https:\/\/stupava.thaik.sk\/wp-content\/uploads\/2024\/03\/Black-logo-no-background-2048x695.png 2048w\" sizes=\"(max-width: 3141px) 100vw, 3141px\" \/>\t\t\t\t\t\t\t\t\t\t\t\t\t\t\t<\/div>\n\t\t\t\t<\/div>\n\t\t\t\t<div class=\"elementor-element elementor-element-51178b68 elementor-widget elementor-widget-heading\" data-id=\"51178b68\" data-element_type=\"widget\" data-widget_type=\"heading.default\">\n\t\t\t\t<div class=\"elementor-widget-container\">\n\t\t\t\t\t<p class=\"elementor-heading-title elementor-size-default\">THAI K - Massage &amp; Spa 2026 \u00a9 All Rights Reserved<\/p>\t\t\t\t<\/div>\n\t\t\t\t<\/div>\n\t\t\t\t<\/div>\n\t\t\t\t<\/div>","protected":false},"excerpt":{"rendered":"<p>Darujte oddych Voucher zak\u00fapite v sal\u00f3ne alebo online ONLINE VOUCHER Voucher na mieru H\u013ead\u00e1te ide\u00e1lny dar\u010dek, ktor\u00fd pote\u0161\u00ed? Darujte poukaz do THAI K a dajte t\u00fdm najavo, \u017ee v\u00e1m z\u00e1le\u017e\u00ed. Nav\u0161t\u00edvte n\u00e1s priamo v sal\u00f3ne a my v\u00e1m priprav\u00edme dar\u010dekov\u00fd poukaz presne pod\u013ea va\u0161ich predst\u00e1v. Hodnotu si ur\u010d\u00edte sami a voucher dostanete ihne\u010f v elegantnej [&hellip;]<\/p>\n","protected":false},"author":1,"featured_media":0,"parent":0,"menu_order":2,"comment_status":"closed","ping_status":"closed","template":"elementor_theme","meta":{"footnotes":""},"class_list":["post-250","page","type-page","status-publish","hentry"],"_links":{"self":[{"href":"https:\/\/stupava.thaik.sk\/en\/wp-json\/wp\/v2\/pages\/250","targetHints":{"allow":["GET"]}}],"collection":[{"href":"https:\/\/stupava.thaik.sk\/en\/wp-json\/wp\/v2\/pages"}],"about":[{"href":"https:\/\/stupava.thaik.sk\/en\/wp-json\/wp\/v2\/types\/page"}],"author":[{"embeddable":true,"href":"https:\/\/stupava.thaik.sk\/en\/wp-json\/wp\/v2\/users\/1"}],"replies":[{"embeddable":true,"href":"https:\/\/stupava.thaik.sk\/en\/wp-json\/wp\/v2\/comments?post=250"}],"version-history":[{"count":320,"href":"https:\/\/stupava.thaik.sk\/en\/wp-json\/wp\/v2\/pages\/250\/revisions"}],"predecessor-version":[{"id":2467,"href":"https:\/\/stupava.thaik.sk\/en\/wp-json\/wp\/v2\/pages\/250\/revisions\/2467"}],"wp:attachment":[{"href":"https:\/\/stupava.thaik.sk\/en\/wp-json\/wp\/v2\/media?parent=250"}],"curies":[{"name":"wp","href":"https:\/\/api.w.org\/{rel}","templated":true}]}}