{"id":185,"date":"2024-03-27T15:48:08","date_gmt":"2024-03-27T14:48:08","guid":{"rendered":"https:\/\/stupava.thaik.sk\/?page_id=185"},"modified":"2026-01-12T09:25:06","modified_gmt":"2026-01-12T08:25:06","slug":"procedury","status":"publish","type":"page","link":"https:\/\/stupava.thaik.sk\/en\/procedury\/","title":{"rendered":"Treatments"},"content":{"rendered":"<div data-elementor-type=\"wp-page\" data-elementor-id=\"185\" class=\"elementor elementor-185\">\n\t\t\t\t<div class=\"elementor-element elementor-element-13ab7cbd e-con-full e-flex e-con e-parent\" data-id=\"13ab7cbd\" data-element_type=\"container\" data-settings=\"{&quot;background_background&quot;:&quot;classic&quot;}\">\n\t\t<div class=\"elementor-element elementor-element-44ff9eb0 e-con-full e-flex e-con e-child\" data-id=\"44ff9eb0\" data-element_type=\"container\">\n\t\t\t\t<div class=\"elementor-element elementor-element-37ae44b3 elementor-widget__width-initial elementor-widget-tablet__width-initial elementor-widget elementor-widget-heading\" data-id=\"37ae44b3\" data-element_type=\"widget\" data-widget_type=\"heading.default\">\n\t\t\t\t<div class=\"elementor-widget-container\">\n\t\t\t\t\t<h1 class=\"elementor-heading-title elementor-size-default\">Offer &amp; Price List<\/h1>\t\t\t\t<\/div>\n\t\t\t\t<\/div>\n\t\t\t\t<div class=\"elementor-element elementor-element-d0a661b elementor-align-center elementor-mobile-align-center elementor-invisible elementor-widget elementor-widget-button\" data-id=\"d0a661b\" data-element_type=\"widget\" data-settings=\"{&quot;_animation&quot;:&quot;fadeInDown&quot;}\" data-widget_type=\"button.default\">\n\t\t\t\t<div class=\"elementor-widget-container\">\n\t\t\t\t\t\t\t\t\t<div class=\"elementor-button-wrapper\">\n\t\t\t\t\t<a class=\"elementor-button elementor-button-link elementor-size-lg\" href=\"https:\/\/booqme.sk\/sk\/rezervacia\/thai-k-massage-spa\">\n\t\t\t\t\t\t<span class=\"elementor-button-content-wrapper\">\n\t\t\t\t\t\t\t\t\t<span class=\"elementor-button-text\">BOOK NOW<\/span>\n\t\t\t\t\t<\/span>\n\t\t\t\t\t<\/a>\n\t\t\t\t<\/div>\n\t\t\t\t\t\t\t\t<\/div>\n\t\t\t\t<\/div>\n\t\t\t\t<\/div>\n\t\t\t\t<\/div>\n\t\t<div class=\"elementor-element elementor-element-baff1dc e-flex e-con-boxed e-con e-parent\" data-id=\"baff1dc\" data-element_type=\"container\">\n\t\t\t\t\t<div class=\"e-con-inner\">\n\t\t\t\t<div class=\"elementor-element elementor-element-28844dd elementor-widget elementor-widget-image\" data-id=\"28844dd\" data-element_type=\"widget\" data-widget_type=\"image.default\">\n\t\t\t\t<div class=\"elementor-widget-container\">\n\t\t\t\t\t\t\t\t\t\t\t\t\t\t\t<img fetchpriority=\"high\" decoding=\"async\" width=\"849\" height=\"2560\" src=\"https:\/\/stupava.thaik.sk\/wp-content\/uploads\/2025\/11\/Cennik_web_november2025-scaled.png\" class=\"attachment-full size-full wp-image-2364\" alt=\"\" srcset=\"https:\/\/stupava.thaik.sk\/wp-content\/uploads\/2025\/11\/Cennik_web_november2025-scaled.png 849w, https:\/\/stupava.thaik.sk\/wp-content\/uploads\/2025\/11\/Cennik_web_november2025-99x300.png 99w, https:\/\/stupava.thaik.sk\/wp-content\/uploads\/2025\/11\/Cennik_web_november2025-340x1024.png 340w, https:\/\/stupava.thaik.sk\/wp-content\/uploads\/2025\/11\/Cennik_web_november2025-768x2316.png 768w, https:\/\/stupava.thaik.sk\/wp-content\/uploads\/2025\/11\/Cennik_web_november2025-509x1536.png 509w, https:\/\/stupava.thaik.sk\/wp-content\/uploads\/2025\/11\/Cennik_web_november2025-679x2048.png 679w, https:\/\/stupava.thaik.sk\/wp-content\/uploads\/2025\/11\/Cennik_web_november2025-4x12.png 4w\" sizes=\"(max-width: 849px) 100vw, 849px\" \/>\t\t\t\t\t\t\t\t\t\t\t\t\t\t\t<\/div>\n\t\t\t\t<\/div>\n\t\t\t\t\t<\/div>\n\t\t\t\t<\/div>\n\t\t<div class=\"elementor-element elementor-element-4c3c5cb e-con-full e-flex e-con e-parent\" data-id=\"4c3c5cb\" data-element_type=\"container\">\n\t\t<div class=\"elementor-element elementor-element-1eb0d32b e-con-full e-flex e-con e-child\" data-id=\"1eb0d32b\" data-element_type=\"container\">\n\t\t<div class=\"elementor-element elementor-element-3fc36a2 e-con-full e-transform e-flex e-con e-child\" data-id=\"3fc36a2\" data-element_type=\"container\" data-settings=\"{&quot;_transform_scale_effect_mobile&quot;:{&quot;unit&quot;:&quot;px&quot;,&quot;size&quot;:0.40000000000000002220446049250313080847263336181640625,&quot;sizes&quot;:[]},&quot;_transform_scale_effect&quot;:{&quot;unit&quot;:&quot;px&quot;,&quot;size&quot;:&quot;&quot;,&quot;sizes&quot;:[]},&quot;_transform_scale_effect_tablet&quot;:{&quot;unit&quot;:&quot;px&quot;,&quot;size&quot;:&quot;&quot;,&quot;sizes&quot;:[]}}\">\n\t\t\t\t<div class=\"elementor-element elementor-element-16fef060 elementor-hidden-tablet elementor-hidden-mobile elementor-widget elementor-widget-image\" data-id=\"16fef060\" data-element_type=\"widget\" data-widget_type=\"image.default\">\n\t\t\t\t<div class=\"elementor-widget-container\">\n\t\t\t\t\t\t\t\t\t\t\t\t\t\t\t<img decoding=\"async\" width=\"1402\" height=\"1245\" src=\"https:\/\/stupava.thaik.sk\/wp-content\/uploads\/2024\/05\/hlava-bez-pozadia.png\" class=\"attachment-full size-full wp-image-928\" alt=\"\" srcset=\"https:\/\/stupava.thaik.sk\/wp-content\/uploads\/2024\/05\/hlava-bez-pozadia.png 1402w, https:\/\/stupava.thaik.sk\/wp-content\/uploads\/2024\/05\/hlava-bez-pozadia-300x266.png 300w, https:\/\/stupava.thaik.sk\/wp-content\/uploads\/2024\/05\/hlava-bez-pozadia-1024x909.png 1024w, https:\/\/stupava.thaik.sk\/wp-content\/uploads\/2024\/05\/hlava-bez-pozadia-768x682.png 768w\" sizes=\"(max-width: 1402px) 100vw, 1402px\" \/>\t\t\t\t\t\t\t\t\t\t\t\t\t\t\t<\/div>\n\t\t\t\t<\/div>\n\t\t\t\t<div class=\"elementor-element elementor-element-f5b0a7e elementor-widget elementor-widget-spacer\" data-id=\"f5b0a7e\" data-element_type=\"widget\" data-widget_type=\"spacer.default\">\n\t\t\t\t<div class=\"elementor-widget-container\">\n\t\t\t\t\t\t\t<div class=\"elementor-spacer\">\n\t\t\t<div class=\"elementor-spacer-inner\"><\/div>\n\t\t<\/div>\n\t\t\t\t\t\t<\/div>\n\t\t\t\t<\/div>\n\t\t\t\t<div class=\"elementor-element elementor-element-85ba600 elementor-widget elementor-widget-text-editor\" data-id=\"85ba600\" data-element_type=\"widget\" data-widget_type=\"text-editor.default\">\n\t\t\t\t<div class=\"elementor-widget-container\">\n\t\t\t\t\t\t\t\t\t<h6>Dear clients, choose from membership programs and enjoy the discounts with every visit.\u00a0<\/h6><h6 style=\"text-align: left;\">In line with our commitment to being eco-friendly and minimizing our impact on the environment, we do not provide physical cards. Everything is recorded digitally, so all you need to do is give your name when booking and paying.\u00a0<\/h6><h6>By purchasing our loyalty program, you agree to its <strong><span style=\"color: #000000;\"><a style=\"color: #000000; text-decoration: underline;\" href=\"https:\/\/stupava.thaik.sk\/en\/vseobecne-obchodne-podmienky\/\">terms and conditions.<\/a><\/span><\/strong>We kindly ask you to review them carefully.<\/h6>\t\t\t\t\t\t\t\t<\/div>\n\t\t\t\t<\/div>\n\t\t\t\t<\/div>\n\t\t\t\t<\/div>\n\t\t<div class=\"elementor-element elementor-element-3834117b e-con-full e-flex e-con e-child\" data-id=\"3834117b\" data-element_type=\"container\">\n\t\t\t\t<div class=\"elementor-element elementor-element-3ffb244 elementor-widget elementor-widget-heading\" data-id=\"3ffb244\" data-element_type=\"widget\" data-widget_type=\"heading.default\">\n\t\t\t\t<div class=\"elementor-widget-container\">\n\t\t\t\t\t<h3 class=\"elementor-heading-title elementor-size-default\">Become a Member<\/h3>\t\t\t\t<\/div>\n\t\t\t\t<\/div>\n\t\t\t\t<div class=\"elementor-element elementor-element-3dc0ff90 elementor-widget elementor-widget-text-editor\" data-id=\"3dc0ff90\" data-element_type=\"widget\" data-widget_type=\"text-editor.default\">\n\t\t\t\t<div class=\"elementor-widget-container\">\n\t\t\t\t\t\t\t\t\t<h5>PASS 9+1<\/h5>\n<ul>\n<li>9 + 1 free massage<\/li>\n<li>valid for any massage from our offer&nbsp;<\/li>\n<li>price is calculated based on the chosen massage<\/li>\n<li>the full amount must be paid in advance<\/li>\n<li>valid for 12 months from purchase<\/li>\n<li>not valid for wellness or laser hair removal treatments<\/li><li>transferable, may be used by multiple persons<\/li>\n<\/ul>\n<h5>VIP up to 15% off<\/h5>\n<ul>\n<li>discount on every visit&nbsp;<\/li>\n<li>unlimited number of visits&nbsp;<\/li>\n<li>valid for massages, treatments, wellness and laser hair removal<\/li>\n<li>can be combined with seasonal discounts<\/li>\n<li>50\u20ac fee<\/li>\n<li>valid for 6 months from purchase<\/li>\n<li>in winter (Oct - Mar) 10% discount<\/li>\n<li>in summer (Apr - Sep) 15% discount<\/li><li>NON-TRANSFERABLE, valid only for the named client<\/li>\n<\/ul>\t\t\t\t\t\t\t\t<\/div>\n\t\t\t\t<\/div>\n\t\t\t\t<\/div>\n\t\t\t\t<\/div>\n\t\t<div class=\"elementor-element elementor-element-1d15ad8c e-flex e-con-boxed e-con e-parent\" data-id=\"1d15ad8c\" data-element_type=\"container\">\n\t\t\t\t\t<div class=\"e-con-inner\">\n\t\t\t\t<div class=\"elementor-element elementor-element-447875f2 elementor-arrows-position-inside elementor-pagination-position-outside elementor-widget elementor-widget-image-carousel\" data-id=\"447875f2\" data-element_type=\"widget\" data-settings=\"{&quot;navigation&quot;:&quot;both&quot;,&quot;autoplay&quot;:&quot;yes&quot;,&quot;pause_on_hover&quot;:&quot;yes&quot;,&quot;pause_on_interaction&quot;:&quot;yes&quot;,&quot;autoplay_speed&quot;:5000,&quot;infinite&quot;:&quot;yes&quot;,&quot;speed&quot;:500}\" data-widget_type=\"image-carousel.default\">\n\t\t\t\t<div class=\"elementor-widget-container\">\n\t\t\t\t\t\t\t<div class=\"elementor-image-carousel-wrapper swiper\" role=\"region\" aria-roledescription=\"carousel\" aria-label=\"Obr\u00e1zkov\u00fd kot\u00fa\u010d\" dir=\"ltr\">\n\t\t\t<div class=\"elementor-image-carousel swiper-wrapper\" aria-live=\"off\">\n\t\t\t\t\t\t\t\t<div class=\"swiper-slide\" role=\"group\" aria-roledescription=\"slide\" aria-label=\"1 of 7\"><figure class=\"swiper-slide-inner\"><img decoding=\"async\" class=\"swiper-slide-image\" src=\"https:\/\/stupava.thaik.sk\/wp-content\/uploads\/2025\/09\/en1-1.png\" alt=\"1\" \/><\/figure><\/div><div class=\"swiper-slide\" role=\"group\" aria-roledescription=\"slide\" aria-label=\"2 of 7\"><figure class=\"swiper-slide-inner\"><img decoding=\"async\" class=\"swiper-slide-image\" src=\"https:\/\/stupava.thaik.sk\/wp-content\/uploads\/2025\/09\/en2.png\" alt=\"2\" \/><\/figure><\/div><div class=\"swiper-slide\" role=\"group\" aria-roledescription=\"slide\" aria-label=\"3 of 7\"><figure class=\"swiper-slide-inner\"><img decoding=\"async\" class=\"swiper-slide-image\" src=\"https:\/\/stupava.thaik.sk\/wp-content\/uploads\/2025\/09\/en3-1.png\" alt=\"3\" \/><\/figure><\/div><div class=\"swiper-slide\" role=\"group\" aria-roledescription=\"slide\" aria-label=\"4 of 7\"><figure class=\"swiper-slide-inner\"><img decoding=\"async\" class=\"swiper-slide-image\" src=\"https:\/\/stupava.thaik.sk\/wp-content\/uploads\/2025\/09\/en3-2.png\" alt=\"4\" \/><\/figure><\/div><div class=\"swiper-slide\" role=\"group\" aria-roledescription=\"slide\" aria-label=\"5 of 7\"><figure class=\"swiper-slide-inner\"><img decoding=\"async\" class=\"swiper-slide-image\" src=\"https:\/\/stupava.thaik.sk\/wp-content\/uploads\/2025\/09\/en3-3.png\" alt=\"5\" \/><\/figure><\/div><div class=\"swiper-slide\" role=\"group\" aria-roledescription=\"slide\" aria-label=\"6 of 7\"><figure class=\"swiper-slide-inner\"><img decoding=\"async\" class=\"swiper-slide-image\" src=\"https:\/\/stupava.thaik.sk\/wp-content\/uploads\/2025\/09\/en3-4.png\" alt=\"6\" \/><\/figure><\/div><div class=\"swiper-slide\" role=\"group\" aria-roledescription=\"slide\" aria-label=\"7 of 7\"><figure class=\"swiper-slide-inner\"><img decoding=\"async\" class=\"swiper-slide-image\" src=\"https:\/\/stupava.thaik.sk\/wp-content\/uploads\/2025\/09\/en3-5.png\" alt=\"7\" \/><\/figure><\/div>\t\t\t<\/div>\n\t\t\t\t\t\t\t\t\t\t\t\t<div class=\"elementor-swiper-button elementor-swiper-button-prev\" role=\"button\" tabindex=\"0\">\n\t\t\t\t\t\t<i aria-hidden=\"true\" class=\"eicon-chevron-left\"><\/i>\t\t\t\t\t<\/div>\n\t\t\t\t\t<div class=\"elementor-swiper-button elementor-swiper-button-next\" role=\"button\" tabindex=\"0\">\n\t\t\t\t\t\t<i aria-hidden=\"true\" class=\"eicon-chevron-right\"><\/i>\t\t\t\t\t<\/div>\n\t\t\t\t\n\t\t\t\t\t\t\t\t\t<div class=\"swiper-pagination\"><\/div>\n\t\t\t\t\t\t\t\t\t<\/div>\n\t\t\t\t\t\t<\/div>\n\t\t\t\t<\/div>\n\t\t\t\t\t<\/div>\n\t\t\t\t<\/div>\n\t\t<div class=\"elementor-element elementor-element-47bab2c9 e-flex e-con-boxed e-con e-parent\" data-id=\"47bab2c9\" data-element_type=\"container\">\n\t\t\t\t\t<div class=\"e-con-inner\">\n\t\t\t\t<div class=\"elementor-element elementor-element-10f1e01c elementor-widget__width-initial elementor-widget elementor-widget-heading\" data-id=\"10f1e01c\" data-element_type=\"widget\" data-widget_type=\"heading.default\">\n\t\t\t\t<div class=\"elementor-widget-container\">\n\t\t\t\t\t<h3 class=\"elementor-heading-title elementor-size-default\">Rest is not a luxury, but a necessity for body and soul.<\/h3>\t\t\t\t<\/div>\n\t\t\t\t<\/div>\n\t\t\t\t<div class=\"elementor-element elementor-element-2dccfca4 elementor-align-center elementor-mobile-align-center elementor-invisible elementor-widget elementor-widget-button\" data-id=\"2dccfca4\" data-element_type=\"widget\" data-settings=\"{&quot;_animation&quot;:&quot;fadeInDown&quot;}\" data-widget_type=\"button.default\">\n\t\t\t\t<div class=\"elementor-widget-container\">\n\t\t\t\t\t\t\t\t\t<div class=\"elementor-button-wrapper\">\n\t\t\t\t\t<a class=\"elementor-button elementor-button-link elementor-size-lg\" href=\"https:\/\/booqme.sk\/sk\/rezervacia\/thai-k-massage-spa\">\n\t\t\t\t\t\t<span class=\"elementor-button-content-wrapper\">\n\t\t\t\t\t\t\t\t\t<span class=\"elementor-button-text\">BOOK NOW<\/span>\n\t\t\t\t\t<\/span>\n\t\t\t\t\t<\/a>\n\t\t\t\t<\/div>\n\t\t\t\t\t\t\t\t<\/div>\n\t\t\t\t<\/div>\n\t\t\t\t\t<\/div>\n\t\t\t\t<\/div>\n\t\t<footer class=\"elementor-element elementor-element-6db35927 e-con-full e-flex e-con e-parent\" data-id=\"6db35927\" data-element_type=\"container\">\n\t\t<div class=\"elementor-element elementor-element-175e2c6a e-con-full e-flex e-con e-child\" data-id=\"175e2c6a\" data-element_type=\"container\">\n\t\t\t\t<div class=\"elementor-element elementor-element-5e4c9617 elementor-tablet-align-center elementor-align-center elementor-list-item-link-full_width elementor-widget elementor-widget-icon-list\" data-id=\"5e4c9617\" data-element_type=\"widget\" data-widget_type=\"icon-list.default\">\n\t\t\t\t<div class=\"elementor-widget-container\">\n\t\t\t\t\t\t\t<ul class=\"elementor-icon-list-items\">\n\t\t\t\t\t\t\t<li class=\"elementor-icon-list-item\">\n\t\t\t\t\t\t\t\t\t\t\t<span class=\"elementor-icon-list-icon\">\n\t\t\t\t\t\t\t<i aria-hidden=\"true\" class=\"fas fa-phone\"><\/i>\t\t\t\t\t\t<\/span>\n\t\t\t\t\t\t\t\t\t\t<span class=\"elementor-icon-list-text\">+421 911 981 109<\/span>\n\t\t\t\t\t\t\t\t\t<\/li>\n\t\t\t\t\t\t\t\t<li class=\"elementor-icon-list-item\">\n\t\t\t\t\t\t\t\t\t\t\t<a href=\"mailto:info@thaik.sk\" target=\"_blank\">\n\n\t\t\t\t\t\t\t\t\t\t\t\t<span class=\"elementor-icon-list-icon\">\n\t\t\t\t\t\t\t<i aria-hidden=\"true\" class=\"fas fa-envelope\"><\/i>\t\t\t\t\t\t<\/span>\n\t\t\t\t\t\t\t\t\t\t<span class=\"elementor-icon-list-text\">info@thaik.sk<\/span>\n\t\t\t\t\t\t\t\t\t\t\t<\/a>\n\t\t\t\t\t\t\t\t\t<\/li>\n\t\t\t\t\t\t\t\t<li class=\"elementor-icon-list-item\">\n\t\t\t\t\t\t\t\t\t\t\t<a href=\"https:\/\/maps.app.goo.gl\/vj7KB61mFv4WbE7y6\" target=\"_blank\">\n\n\t\t\t\t\t\t\t\t\t\t\t\t<span class=\"elementor-icon-list-icon\">\n\t\t\t\t\t\t\t<i aria-hidden=\"true\" class=\"fas fa-map-marker-alt\"><\/i>\t\t\t\t\t\t<\/span>\n\t\t\t\t\t\t\t\t\t\t<span class=\"elementor-icon-list-text\">\u017delezni\u010dn\u00e1 3C, 900 31 Stupava<\/span>\n\t\t\t\t\t\t\t\t\t\t\t<\/a>\n\t\t\t\t\t\t\t\t\t<\/li>\n\t\t\t\t\t\t\t\t<li class=\"elementor-icon-list-item\">\n\t\t\t\t\t\t\t\t\t\t\t<span class=\"elementor-icon-list-icon\">\n\t\t\t\t\t\t\t<i aria-hidden=\"true\" class=\"fas fa-clock\"><\/i>\t\t\t\t\t\t<\/span>\n\t\t\t\t\t\t\t\t\t\t<span class=\"elementor-icon-list-text\">Open MON - SUN 10 AM - 10 PM<\/span>\n\t\t\t\t\t\t\t\t\t<\/li>\n\t\t\t\t\t\t\t\t<li class=\"elementor-icon-list-item\">\n\t\t\t\t\t\t\t\t\t\t\t<a href=\"https:\/\/stupava.thaik.sk\/en\/prevadzkovy-poriadok\/\">\n\n\t\t\t\t\t\t\t\t\t\t\t\t<span class=\"elementor-icon-list-icon\">\n\t\t\t\t\t\t\t<i aria-hidden=\"true\" class=\"fas fa-clipboard-list\"><\/i>\t\t\t\t\t\t<\/span>\n\t\t\t\t\t\t\t\t\t\t<span class=\"elementor-icon-list-text\">Operating Rules<\/span>\n\t\t\t\t\t\t\t\t\t\t\t<\/a>\n\t\t\t\t\t\t\t\t\t<\/li>\n\t\t\t\t\t\t\t\t<li class=\"elementor-icon-list-item\">\n\t\t\t\t\t\t\t\t\t\t\t<a href=\"https:\/\/stupava.thaik.sk\/en\/reklamacny-poriadok\/\">\n\n\t\t\t\t\t\t\t\t\t\t\t\t<span class=\"elementor-icon-list-icon\">\n\t\t\t\t\t\t\t<i aria-hidden=\"true\" class=\"fas fa-clipboard-list\"><\/i>\t\t\t\t\t\t<\/span>\n\t\t\t\t\t\t\t\t\t\t<span class=\"elementor-icon-list-text\">Complaint Policy<\/span>\n\t\t\t\t\t\t\t\t\t\t\t<\/a>\n\t\t\t\t\t\t\t\t\t<\/li>\n\t\t\t\t\t\t\t\t<li class=\"elementor-icon-list-item\">\n\t\t\t\t\t\t\t\t\t\t\t<a href=\"https:\/\/stupava.thaik.sk\/en\/vseobecne-obchodne-podmienky\/\">\n\n\t\t\t\t\t\t\t\t\t\t\t\t<span class=\"elementor-icon-list-icon\">\n\t\t\t\t\t\t\t<i aria-hidden=\"true\" class=\"fas fa-file-alt\"><\/i>\t\t\t\t\t\t<\/span>\n\t\t\t\t\t\t\t\t\t\t<span class=\"elementor-icon-list-text\">Terms &amp; Conditions<\/span>\n\t\t\t\t\t\t\t\t\t\t\t<\/a>\n\t\t\t\t\t\t\t\t\t<\/li>\n\t\t\t\t\t\t\t\t<li class=\"elementor-icon-list-item\">\n\t\t\t\t\t\t\t\t\t\t\t<a href=\"https:\/\/stupava.thaik.sk\/en\/ochrana-sukromia\/\">\n\n\t\t\t\t\t\t\t\t\t\t\t\t<span class=\"elementor-icon-list-icon\">\n\t\t\t\t\t\t\t<i aria-hidden=\"true\" class=\"fas fa-file-alt\"><\/i>\t\t\t\t\t\t<\/span>\n\t\t\t\t\t\t\t\t\t\t<span class=\"elementor-icon-list-text\">Privacy Policy<\/span>\n\t\t\t\t\t\t\t\t\t\t\t<\/a>\n\t\t\t\t\t\t\t\t\t<\/li>\n\t\t\t\t\t\t<\/ul>\n\t\t\t\t\t\t<\/div>\n\t\t\t\t<\/div>\n\t\t\t\t<\/div>\n\t\t\t\t<\/footer>\n\t\t<div class=\"elementor-element elementor-element-70c8d87b e-con-full e-flex e-con e-parent\" data-id=\"70c8d87b\" data-element_type=\"container\">\n\t\t<div class=\"elementor-element elementor-element-29465ffd e-con-full e-transform e-flex e-con e-child\" data-id=\"29465ffd\" data-element_type=\"container\" data-settings=\"{&quot;_transform_scale_effect_tablet&quot;:{&quot;unit&quot;:&quot;px&quot;,&quot;size&quot;:1.3000000000000000444089209850062616169452667236328125,&quot;sizes&quot;:[]},&quot;_transform_scale_effect&quot;:{&quot;unit&quot;:&quot;px&quot;,&quot;size&quot;:&quot;&quot;,&quot;sizes&quot;:[]},&quot;_transform_scale_effect_mobile&quot;:{&quot;unit&quot;:&quot;px&quot;,&quot;size&quot;:&quot;&quot;,&quot;sizes&quot;:[]}}\">\n\t\t\t\t<div class=\"elementor-element elementor-element-972adb9 e-grid-align-right e-grid-align-tablet-right e-grid-align-mobile-center elementor-widget-mobile__width-inherit elementor-shape-rounded elementor-grid-0 elementor-widget elementor-widget-social-icons\" data-id=\"972adb9\" data-element_type=\"widget\" data-widget_type=\"social-icons.default\">\n\t\t\t\t<div class=\"elementor-widget-container\">\n\t\t\t\t\t\t\t<div class=\"elementor-social-icons-wrapper elementor-grid\" role=\"list\">\n\t\t\t\t\t\t\t<span class=\"elementor-grid-item\" role=\"listitem\">\n\t\t\t\t\t<a class=\"elementor-icon elementor-social-icon elementor-social-icon-facebook-f elementor-repeater-item-3f1b7ac\" href=\"https:\/\/www.facebook.com\/THAIKmassageandspa\" target=\"_blank\">\n\t\t\t\t\t\t<span class=\"elementor-screen-only\">Facebook-f<\/span>\n\t\t\t\t\t\t<i aria-hidden=\"true\" class=\"fab fa-facebook-f\"><\/i>\t\t\t\t\t<\/a>\n\t\t\t\t<\/span>\n\t\t\t\t\t\t\t<span class=\"elementor-grid-item\" role=\"listitem\">\n\t\t\t\t\t<a class=\"elementor-icon elementor-social-icon elementor-social-icon-instagram elementor-repeater-item-3c50740\" href=\"https:\/\/www.instagram.com\/thaik_massageandspa\/\" target=\"_blank\">\n\t\t\t\t\t\t<span class=\"elementor-screen-only\">Instagram<\/span>\n\t\t\t\t\t\t<i aria-hidden=\"true\" class=\"fab fa-instagram\"><\/i>\t\t\t\t\t<\/a>\n\t\t\t\t<\/span>\n\t\t\t\t\t<\/div>\n\t\t\t\t\t\t<\/div>\n\t\t\t\t<\/div>\n\t\t\t\t<\/div>\n\t\t\t\t<div class=\"elementor-element elementor-element-6585ccfc elementor-widget elementor-widget-image\" data-id=\"6585ccfc\" data-element_type=\"widget\" data-widget_type=\"image.default\">\n\t\t\t\t<div class=\"elementor-widget-container\">\n\t\t\t\t\t\t\t\t\t\t\t\t\t\t\t<img decoding=\"async\" width=\"3141\" height=\"1066\" src=\"https:\/\/stupava.thaik.sk\/wp-content\/uploads\/2024\/03\/Black-logo-no-background.png\" class=\"attachment-full size-full wp-image-43\" alt=\"\" srcset=\"https:\/\/stupava.thaik.sk\/wp-content\/uploads\/2024\/03\/Black-logo-no-background.png 3141w, https:\/\/stupava.thaik.sk\/wp-content\/uploads\/2024\/03\/Black-logo-no-background-300x102.png 300w, https:\/\/stupava.thaik.sk\/wp-content\/uploads\/2024\/03\/Black-logo-no-background-1024x348.png 1024w, https:\/\/stupava.thaik.sk\/wp-content\/uploads\/2024\/03\/Black-logo-no-background-768x261.png 768w, https:\/\/stupava.thaik.sk\/wp-content\/uploads\/2024\/03\/Black-logo-no-background-1536x521.png 1536w, https:\/\/stupava.thaik.sk\/wp-content\/uploads\/2024\/03\/Black-logo-no-background-2048x695.png 2048w\" sizes=\"(max-width: 3141px) 100vw, 3141px\" \/>\t\t\t\t\t\t\t\t\t\t\t\t\t\t\t<\/div>\n\t\t\t\t<\/div>\n\t\t\t\t<div class=\"elementor-element elementor-element-9e41dee elementor-widget elementor-widget-heading\" data-id=\"9e41dee\" data-element_type=\"widget\" data-widget_type=\"heading.default\">\n\t\t\t\t<div class=\"elementor-widget-container\">\n\t\t\t\t\t<p class=\"elementor-heading-title elementor-size-default\">THAI K - Massage &amp; Spa 2026 \u00a9 All Rights Reserved<\/p>\t\t\t\t<\/div>\n\t\t\t\t<\/div>\n\t\t\t\t<\/div>\n\t\t\t\t<\/div>","protected":false},"excerpt":{"rendered":"<p>Ponuka a cenn\u00edk REZERVOVA\u0164 TERM\u00cdN Mil\u00ed klienti, vyberte si z \u010dlensk\u00fdch programov a \u010derpajte z\u013eavy pri ka\u017edej n\u00e1v\u0161teve sal\u00f3nu.\u00a0 Ke\u010f\u017ee sa sna\u017e\u00edme by\u0165 ekologick\u00ed a za\u0165a\u017eova\u0165 \u017eivotn\u00e9 prostredie \u010do najmenej, fyzick\u00e9 karti\u010dky ani preukazy u n\u00e1s nen\u00e1jdete. V\u0161etko evidujeme digit\u00e1lne, tak\u017ee sta\u010d\u00ed, ak sa pri objedn\u00e1vke a platen\u00ed preuk\u00e1\u017eete svoj\u00edm menom.\u00a0 Zak\u00fapen\u00edm vernostn\u00e9ho programu z\u00e1rove\u0148 [&hellip;]<\/p>\n","protected":false},"author":1,"featured_media":0,"parent":0,"menu_order":2,"comment_status":"closed","ping_status":"closed","template":"elementor_theme","meta":{"footnotes":""},"class_list":["post-185","page","type-page","status-publish","hentry"],"_links":{"self":[{"href":"https:\/\/stupava.thaik.sk\/en\/wp-json\/wp\/v2\/pages\/185","targetHints":{"allow":["GET"]}}],"collection":[{"href":"https:\/\/stupava.thaik.sk\/en\/wp-json\/wp\/v2\/pages"}],"about":[{"href":"https:\/\/stupava.thaik.sk\/en\/wp-json\/wp\/v2\/types\/page"}],"author":[{"embeddable":true,"href":"https:\/\/stupava.thaik.sk\/en\/wp-json\/wp\/v2\/users\/1"}],"replies":[{"embeddable":true,"href":"https:\/\/stupava.thaik.sk\/en\/wp-json\/wp\/v2\/comments?post=185"}],"version-history":[{"count":219,"href":"https:\/\/stupava.thaik.sk\/en\/wp-json\/wp\/v2\/pages\/185\/revisions"}],"predecessor-version":[{"id":2437,"href":"https:\/\/stupava.thaik.sk\/en\/wp-json\/wp\/v2\/pages\/185\/revisions\/2437"}],"wp:attachment":[{"href":"https:\/\/stupava.thaik.sk\/en\/wp-json\/wp\/v2\/media?parent=185"}],"curies":[{"name":"wp","href":"https:\/\/api.w.org\/{rel}","templated":true}]}}