{"id":1328,"date":"2024-10-21T15:09:23","date_gmt":"2024-10-21T13:09:23","guid":{"rendered":"https:\/\/stupava.thaik.sk\/?page_id=1328"},"modified":"2026-01-12T09:26:55","modified_gmt":"2026-01-12T08:26:55","slug":"epilacia","status":"publish","type":"page","link":"https:\/\/stupava.thaik.sk\/en\/epilacia\/","title":{"rendered":"Laser"},"content":{"rendered":"<div data-elementor-type=\"wp-page\" data-elementor-id=\"1328\" class=\"elementor elementor-1328\">\n\t\t\t\t<div class=\"elementor-element elementor-element-46771d4e e-con-full e-flex e-con e-parent\" data-id=\"46771d4e\" data-element_type=\"container\" data-settings=\"{&quot;background_background&quot;:&quot;classic&quot;}\">\n\t\t<div class=\"elementor-element elementor-element-1524a47f e-con-full e-flex e-con e-child\" data-id=\"1524a47f\" data-element_type=\"container\">\n\t\t\t\t<div class=\"elementor-element elementor-element-4104b09f elementor-widget__width-initial elementor-widget-tablet__width-initial elementor-widget elementor-widget-heading\" data-id=\"4104b09f\" data-element_type=\"widget\" data-widget_type=\"heading.default\">\n\t\t\t\t<div class=\"elementor-widget-container\">\n\t\t\t\t\t<h1 class=\"elementor-heading-title elementor-size-default\">Silky Skin Without Hair<\/h1>\t\t\t\t<\/div>\n\t\t\t\t<\/div>\n\t\t\t\t<div class=\"elementor-element elementor-element-95dbe5d elementor-align-left elementor-mobile-align-center elementor-invisible elementor-widget elementor-widget-button\" data-id=\"95dbe5d\" data-element_type=\"widget\" data-settings=\"{&quot;_animation&quot;:&quot;fadeInDown&quot;}\" data-widget_type=\"button.default\">\n\t\t\t\t<div class=\"elementor-widget-container\">\n\t\t\t\t\t\t\t\t\t<div class=\"elementor-button-wrapper\">\n\t\t\t\t\t<a class=\"elementor-button elementor-button-link elementor-size-lg\" href=\"https:\/\/booqme.sk\/sk\/rezervacia\/thai-k-massage-spa\">\n\t\t\t\t\t\t<span class=\"elementor-button-content-wrapper\">\n\t\t\t\t\t\t\t\t\t<span class=\"elementor-button-text\">BOOK NOW<\/span>\n\t\t\t\t\t<\/span>\n\t\t\t\t\t<\/a>\n\t\t\t\t<\/div>\n\t\t\t\t\t\t\t\t<\/div>\n\t\t\t\t<\/div>\n\t\t\t\t<div class=\"elementor-element elementor-element-5d168e36 elementor-widget__width-initial elementor-widget elementor-widget-heading\" data-id=\"5d168e36\" data-element_type=\"widget\" data-widget_type=\"heading.default\">\n\t\t\t\t<div class=\"elementor-widget-container\">\n\t\t\t\t\t<h2 class=\"elementor-heading-title elementor-size-default\">50% off your first treatment<\/h2>\t\t\t\t<\/div>\n\t\t\t\t<\/div>\n\t\t\t\t<\/div>\n\t\t\t\t<\/div>\n\t\t<div class=\"elementor-element elementor-element-11201ed e-flex e-con-boxed e-con e-parent\" data-id=\"11201ed\" data-element_type=\"container\">\n\t\t\t\t\t<div class=\"e-con-inner\">\n\t\t\t\t<div class=\"elementor-element elementor-element-442a806 elementor-widget elementor-widget-image\" data-id=\"442a806\" data-element_type=\"widget\" data-widget_type=\"image.default\">\n\t\t\t\t<div class=\"elementor-widget-container\">\n\t\t\t\t\t\t\t\t\t\t\t\t\t\t\t<img fetchpriority=\"high\" decoding=\"async\" width=\"864\" height=\"1536\" src=\"https:\/\/stupava.thaik.sk\/wp-content\/uploads\/2025\/09\/English_laser_pricelist-1-scaled.png\" class=\"attachment-1536x1536 size-1536x1536 wp-image-1957\" alt=\"\" srcset=\"https:\/\/stupava.thaik.sk\/wp-content\/uploads\/2025\/09\/English_laser_pricelist-1-scaled.png 1325w, https:\/\/stupava.thaik.sk\/wp-content\/uploads\/2025\/09\/English_laser_pricelist-1-155x300.png 155w, https:\/\/stupava.thaik.sk\/wp-content\/uploads\/2025\/09\/English_laser_pricelist-1-530x1024.png 530w, https:\/\/stupava.thaik.sk\/wp-content\/uploads\/2025\/09\/English_laser_pricelist-1-768x1484.png 768w, https:\/\/stupava.thaik.sk\/wp-content\/uploads\/2025\/09\/English_laser_pricelist-1-795x1536.png 795w, https:\/\/stupava.thaik.sk\/wp-content\/uploads\/2025\/09\/English_laser_pricelist-1-1060x2048.png 1060w, https:\/\/stupava.thaik.sk\/wp-content\/uploads\/2025\/09\/English_laser_pricelist-1-6x12.png 6w\" sizes=\"(max-width: 864px) 100vw, 864px\" \/>\t\t\t\t\t\t\t\t\t\t\t\t\t\t\t<\/div>\n\t\t\t\t<\/div>\n\t\t\t\t\t<\/div>\n\t\t\t\t<\/div>\n\t\t<div class=\"elementor-element elementor-element-7d87f072 e-con-full e-flex e-con e-parent\" data-id=\"7d87f072\" data-element_type=\"container\">\n\t\t<div class=\"elementor-element elementor-element-540fc528 e-con-full e-flex e-con e-child\" data-id=\"540fc528\" data-element_type=\"container\">\n\t\t<div class=\"elementor-element elementor-element-31cf2f35 e-con-full e-flex e-con e-child\" data-id=\"31cf2f35\" data-element_type=\"container\">\n\t\t\t\t<div class=\"elementor-element elementor-element-5ffc8870 elementor-widget elementor-widget-heading\" data-id=\"5ffc8870\" data-element_type=\"widget\" data-widget_type=\"heading.default\">\n\t\t\t\t<div class=\"elementor-widget-container\">\n\t\t\t\t\t<h3 class=\"elementor-heading-title elementor-size-default\">How Does It Work?<\/h3>\t\t\t\t<\/div>\n\t\t\t\t<\/div>\n\t\t\t\t<div class=\"elementor-element elementor-element-5057b32f elementor-widget elementor-widget-text-editor\" data-id=\"5057b32f\" data-element_type=\"widget\" data-widget_type=\"text-editor.default\">\n\t\t\t\t<div class=\"elementor-widget-container\">\n\t\t\t\t\t\t\t\t\t<p>At our salon, we perform epilation with a diode laser, which is currently the most effective form of permanent hair removal in the world. The diode laser uses the principle of selective photothermal decomposition. Light energy is converted into heat, which acts on the pigment in the hair called melanin. Thanks to the scientific design of the diode laser handle, the high-energy laser beam immediately penetrates the skin and reaches the hair follicle, destroying the follicle. The laser energy emitted by the device is easily absorbed by the colored hair follicle without damaging the epidermal tissue.<\/p>\t\t\t\t\t\t\t\t<\/div>\n\t\t\t\t<\/div>\n\t\t\t\t<\/div>\n\t\t<div class=\"elementor-element elementor-element-9780133 e-con-full e-transform e-flex e-con e-child\" data-id=\"9780133\" data-element_type=\"container\" data-settings=\"{&quot;_transform_scale_effect_mobile&quot;:{&quot;unit&quot;:&quot;px&quot;,&quot;size&quot;:0.40000000000000002220446049250313080847263336181640625,&quot;sizes&quot;:[]},&quot;_transform_scale_effect&quot;:{&quot;unit&quot;:&quot;px&quot;,&quot;size&quot;:&quot;&quot;,&quot;sizes&quot;:[]},&quot;_transform_scale_effect_tablet&quot;:{&quot;unit&quot;:&quot;px&quot;,&quot;size&quot;:&quot;&quot;,&quot;sizes&quot;:[]}}\">\n\t\t\t\t<div class=\"elementor-element elementor-element-357c781e elementor-widget elementor-widget-text-editor\" data-id=\"357c781e\" data-element_type=\"widget\" data-widget_type=\"text-editor.default\">\n\t\t\t\t<div class=\"elementor-widget-container\">\n\t\t\t\t\t\t\t\t\t<p>The laser works on all hair shades and all skin types. The intervals between sessions depend on the area being treated and also on the individual hair growth cycle, as the laser works most effectively in the active growth phase of the hair. In general, the facial area is treated repeatedly after 4-6 weeks, the bikini area and underarms after 5-8 weeks, and the rest of the body, including the limbs, after 6-8 weeks at the earliest. If slower hair growth is visible, the intervals can be slightly longer. The number of necessary treatment repetitions is very individual, usually 6-10 sessions to achieve optimal results. The laser is not effective on gray hairs, as they do not contain melanin. Epilation is not performed on tattooed skin, as the laser beam could damage the tattoo.<\/p>\t\t\t\t\t\t\t\t<\/div>\n\t\t\t\t<\/div>\n\t\t\t\t<\/div>\n\t\t\t\t<\/div>\n\t\t\t\t<\/div>\n\t\t<div class=\"elementor-element elementor-element-22d70982 e-con-full e-flex e-con e-parent\" data-id=\"22d70982\" data-element_type=\"container\">\n\t\t<div class=\"elementor-element elementor-element-174823d9 e-con-full e-flex e-con e-child\" data-id=\"174823d9\" data-element_type=\"container\">\n\t\t\t\t<div class=\"elementor-element elementor-element-eeb1ce7 elementor-widget elementor-widget-heading\" data-id=\"eeb1ce7\" data-element_type=\"widget\" data-widget_type=\"heading.default\">\n\t\t\t\t<div class=\"elementor-widget-container\">\n\t\t\t\t\t<h3 class=\"elementor-heading-title elementor-size-default\">Before Treatment<\/h3>\t\t\t\t<\/div>\n\t\t\t\t<\/div>\n\t\t\t\t<div class=\"elementor-element elementor-element-738e9e5 elementor-widget elementor-widget-text-editor\" data-id=\"738e9e5\" data-element_type=\"widget\" data-widget_type=\"text-editor.default\">\n\t\t\t\t<div class=\"elementor-widget-container\">\n\t\t\t\t\t\t\t\t\t<p>Avoid solarium and intense sunbathing 2 weeks before the procedure. In the period of 4 weeks before the procedure, the hair on the treated area must not be depilated. It is necessary to shave the treated area with a razor no more than 24 hours before the procedure so that the laser beam can accurately target the bulb under the skin.<\/p>\t\t\t\t\t\t\t\t<\/div>\n\t\t\t\t<\/div>\n\t\t\t\t<\/div>\n\t\t<div class=\"elementor-element elementor-element-48637ba e-con-full e-flex e-con e-child\" data-id=\"48637ba\" data-element_type=\"container\">\n\t\t\t\t<div class=\"elementor-element elementor-element-157237f4 elementor-widget elementor-widget-heading\" data-id=\"157237f4\" data-element_type=\"widget\" data-widget_type=\"heading.default\">\n\t\t\t\t<div class=\"elementor-widget-container\">\n\t\t\t\t\t<h3 class=\"elementor-heading-title elementor-size-default\">Treatment Process<\/h3>\t\t\t\t<\/div>\n\t\t\t\t<\/div>\n\t\t\t\t<div class=\"elementor-element elementor-element-6eae0c24 elementor-widget elementor-widget-text-editor\" data-id=\"6eae0c24\" data-element_type=\"widget\" data-widget_type=\"text-editor.default\">\n\t\t\t\t<div class=\"elementor-widget-container\">\n\t\t\t\t\t\t\t\t\t<p style=\"text-align: left;\">The procedure is painless, non-invasive and performed by trained medical personnel. During the procedure, the treated area is heated, the client may briefly feel warmth and a slight tingling sensation on the skin. For very sensitive skin, the intensity and speed of the laser beam are reduced so that the client is not uncomfortable. The treatment usually lasts from 15 to 40 minutes, depending on the size of the treated area.<\/p><p>During the treatment, the client wears special glasses to block the laser light. Before the treatment, the skin is thoroughly disinfected and makeup is removed. A cooling gel is then applied to the treated area and the laser head is placed against the skin.<\/p>\t\t\t\t\t\t\t\t<\/div>\n\t\t\t\t<\/div>\n\t\t\t\t<\/div>\n\t\t<div class=\"elementor-element elementor-element-543bc0d e-con-full e-flex e-con e-child\" data-id=\"543bc0d\" data-element_type=\"container\">\n\t\t\t\t<div class=\"elementor-element elementor-element-a515f61 elementor-widget elementor-widget-heading\" data-id=\"a515f61\" data-element_type=\"widget\" data-widget_type=\"heading.default\">\n\t\t\t\t<div class=\"elementor-widget-container\">\n\t\t\t\t\t<h3 class=\"elementor-heading-title elementor-size-default\">Aftercare<\/h3>\t\t\t\t<\/div>\n\t\t\t\t<\/div>\n\t\t\t\t<div class=\"elementor-element elementor-element-189a149 elementor-widget elementor-widget-text-editor\" data-id=\"189a149\" data-element_type=\"widget\" data-widget_type=\"text-editor.default\">\n\t\t\t\t<div class=\"elementor-widget-container\">\n\t\t\t\t\t\t\t\t\t<p>After the treatment, the skin may be sensitive and red for a short time. Apply an unscented moisturizer to the skin and wear loose clothing. Avoid physical exertion due to sweating and subsequent skin irritation for at least 24 hours after the procedure. Avoid sunlight and tanning for at least 2 weeks after the procedure.<\/p>\t\t\t\t\t\t\t\t<\/div>\n\t\t\t\t<\/div>\n\t\t\t\t<\/div>\n\t\t\t\t<\/div>\n\t\t<div class=\"elementor-element elementor-element-22878dfc e-con-full e-flex e-con e-parent\" data-id=\"22878dfc\" data-element_type=\"container\">\n\t\t<div class=\"elementor-element elementor-element-7edfe5be e-con-full e-flex e-con e-child\" data-id=\"7edfe5be\" data-element_type=\"container\">\n\t\t<div class=\"elementor-element elementor-element-278d99e9 e-con-full e-flex e-con e-child\" data-id=\"278d99e9\" data-element_type=\"container\">\n\t\t\t\t<div class=\"elementor-element elementor-element-30e20db elementor-widget elementor-widget-heading\" data-id=\"30e20db\" data-element_type=\"widget\" data-widget_type=\"heading.default\">\n\t\t\t\t<div class=\"elementor-widget-container\">\n\t\t\t\t\t<h3 class=\"elementor-heading-title elementor-size-default\">Treatment Results<\/h3>\t\t\t\t<\/div>\n\t\t\t\t<\/div>\n\t\t\t\t<div class=\"elementor-element elementor-element-376e3a7 elementor-widget elementor-widget-text-editor\" data-id=\"376e3a7\" data-element_type=\"widget\" data-widget_type=\"text-editor.default\">\n\t\t\t\t<div class=\"elementor-widget-container\">\n\t\t\t\t\t\t\t\t\t<p>Results can be seen after the first treatment, but for the effects to become permanent, it is necessary to undergo approximately 6-10 such sessions at regular intervals (the number of sessions is individual depending on the type of hair and skin color).<br \/>While hair may grow back as before after the first treatment, you will see fewer and fewer hairs after progressive treatments, so completing the entire series of treatments and keeping the spacing is key to achieving the highest degree of permanent hair reduction.<\/p>\t\t\t\t\t\t\t\t<\/div>\n\t\t\t\t<\/div>\n\t\t\t\t<\/div>\n\t\t<div class=\"elementor-element elementor-element-5ef3f4aa e-con-full e-transform e-flex e-con e-child\" data-id=\"5ef3f4aa\" data-element_type=\"container\" data-settings=\"{&quot;_transform_scale_effect_mobile&quot;:{&quot;unit&quot;:&quot;px&quot;,&quot;size&quot;:0.40000000000000002220446049250313080847263336181640625,&quot;sizes&quot;:[]},&quot;_transform_scale_effect&quot;:{&quot;unit&quot;:&quot;px&quot;,&quot;size&quot;:&quot;&quot;,&quot;sizes&quot;:[]},&quot;_transform_scale_effect_tablet&quot;:{&quot;unit&quot;:&quot;px&quot;,&quot;size&quot;:&quot;&quot;,&quot;sizes&quot;:[]}}\">\n\t\t\t\t<div class=\"elementor-element elementor-element-9cdc1a0 elementor-widget elementor-widget-heading\" data-id=\"9cdc1a0\" data-element_type=\"widget\" data-widget_type=\"heading.default\">\n\t\t\t\t<div class=\"elementor-widget-container\">\n\t\t\t\t\t<h3 class=\"elementor-heading-title elementor-size-default\">Contraindications<\/h3>\t\t\t\t<\/div>\n\t\t\t\t<\/div>\n\t\t\t\t<div class=\"elementor-element elementor-element-33705416 elementor-widget elementor-widget-text-editor\" data-id=\"33705416\" data-element_type=\"widget\" data-widget_type=\"text-editor.default\">\n\t\t\t\t<div class=\"elementor-widget-container\">\n\t\t\t\t\t\t\t\t\t<ul>\n<li>Tanned and burnt skin<\/li>\n<li>Patients with diagnosed diabetes, cardiovascular diseases, epilepsy and other serious acute diseases.<\/li>\n<li>Oncology patients<\/li>\n<li>Patients after surgery<\/li>\n<li>Pregnant and breastfeeding women<\/li>\n<li>Tattooed skin area, scars, birthmarks, PMU, cardio\/neurostimulators<\/li>\n<li>Medicinal form of acne treatment<\/li>\n<\/ul>\t\t\t\t\t\t\t\t<\/div>\n\t\t\t\t<\/div>\n\t\t\t\t<\/div>\n\t\t\t\t<\/div>\n\t\t\t\t<\/div>\n\t\t<div class=\"elementor-element elementor-element-68fca676 e-flex e-con-boxed e-con e-parent\" data-id=\"68fca676\" data-element_type=\"container\">\n\t\t\t\t\t<div class=\"e-con-inner\">\n\t\t\t\t<div class=\"elementor-element elementor-element-143cdc61 elementor-widget__width-initial elementor-widget elementor-widget-heading\" data-id=\"143cdc61\" data-element_type=\"widget\" data-widget_type=\"heading.default\">\n\t\t\t\t<div class=\"elementor-widget-container\">\n\t\t\t\t\t<h3 class=\"elementor-heading-title elementor-size-default\">Rest is not a luxury, but a necessity for body and soul.<\/h3>\t\t\t\t<\/div>\n\t\t\t\t<\/div>\n\t\t\t\t<div class=\"elementor-element elementor-element-77e41029 elementor-align-center elementor-mobile-align-center elementor-invisible elementor-widget elementor-widget-button\" data-id=\"77e41029\" data-element_type=\"widget\" data-settings=\"{&quot;_animation&quot;:&quot;fadeInDown&quot;}\" data-widget_type=\"button.default\">\n\t\t\t\t<div class=\"elementor-widget-container\">\n\t\t\t\t\t\t\t\t\t<div class=\"elementor-button-wrapper\">\n\t\t\t\t\t<a class=\"elementor-button elementor-button-link elementor-size-lg\" href=\"https:\/\/booqme.sk\/sk\/rezervacia\/thai-k-massage-spa\">\n\t\t\t\t\t\t<span class=\"elementor-button-content-wrapper\">\n\t\t\t\t\t\t\t\t\t<span class=\"elementor-button-text\">BOOK NOW<\/span>\n\t\t\t\t\t<\/span>\n\t\t\t\t\t<\/a>\n\t\t\t\t<\/div>\n\t\t\t\t\t\t\t\t<\/div>\n\t\t\t\t<\/div>\n\t\t\t\t\t<\/div>\n\t\t\t\t<\/div>\n\t\t<footer class=\"elementor-element elementor-element-6ec3f56c e-con-full e-flex e-con e-parent\" data-id=\"6ec3f56c\" data-element_type=\"container\">\n\t\t<div class=\"elementor-element elementor-element-427b0db2 e-con-full e-flex e-con e-child\" data-id=\"427b0db2\" data-element_type=\"container\">\n\t\t\t\t<div class=\"elementor-element elementor-element-74027b48 elementor-tablet-align-center elementor-align-center elementor-list-item-link-full_width elementor-widget elementor-widget-icon-list\" data-id=\"74027b48\" data-element_type=\"widget\" data-widget_type=\"icon-list.default\">\n\t\t\t\t<div class=\"elementor-widget-container\">\n\t\t\t\t\t\t\t<ul class=\"elementor-icon-list-items\">\n\t\t\t\t\t\t\t<li class=\"elementor-icon-list-item\">\n\t\t\t\t\t\t\t\t\t\t\t<span class=\"elementor-icon-list-icon\">\n\t\t\t\t\t\t\t<i aria-hidden=\"true\" class=\"fas fa-phone\"><\/i>\t\t\t\t\t\t<\/span>\n\t\t\t\t\t\t\t\t\t\t<span class=\"elementor-icon-list-text\">+421 911 981 109<\/span>\n\t\t\t\t\t\t\t\t\t<\/li>\n\t\t\t\t\t\t\t\t<li class=\"elementor-icon-list-item\">\n\t\t\t\t\t\t\t\t\t\t\t<a href=\"mailto:info@thaik.sk\" target=\"_blank\">\n\n\t\t\t\t\t\t\t\t\t\t\t\t<span class=\"elementor-icon-list-icon\">\n\t\t\t\t\t\t\t<i aria-hidden=\"true\" class=\"fas fa-envelope\"><\/i>\t\t\t\t\t\t<\/span>\n\t\t\t\t\t\t\t\t\t\t<span class=\"elementor-icon-list-text\">info@thaik.sk<\/span>\n\t\t\t\t\t\t\t\t\t\t\t<\/a>\n\t\t\t\t\t\t\t\t\t<\/li>\n\t\t\t\t\t\t\t\t<li class=\"elementor-icon-list-item\">\n\t\t\t\t\t\t\t\t\t\t\t<a href=\"https:\/\/maps.app.goo.gl\/vj7KB61mFv4WbE7y6\" target=\"_blank\">\n\n\t\t\t\t\t\t\t\t\t\t\t\t<span class=\"elementor-icon-list-icon\">\n\t\t\t\t\t\t\t<i aria-hidden=\"true\" class=\"fas fa-map-marker-alt\"><\/i>\t\t\t\t\t\t<\/span>\n\t\t\t\t\t\t\t\t\t\t<span class=\"elementor-icon-list-text\">\u017delezni\u010dn\u00e1 3C, 900 31 Stupava<\/span>\n\t\t\t\t\t\t\t\t\t\t\t<\/a>\n\t\t\t\t\t\t\t\t\t<\/li>\n\t\t\t\t\t\t\t\t<li class=\"elementor-icon-list-item\">\n\t\t\t\t\t\t\t\t\t\t\t<span class=\"elementor-icon-list-icon\">\n\t\t\t\t\t\t\t<i aria-hidden=\"true\" class=\"fas fa-clock\"><\/i>\t\t\t\t\t\t<\/span>\n\t\t\t\t\t\t\t\t\t\t<span class=\"elementor-icon-list-text\">Open MON - SUN 10 AM - 10 PM<\/span>\n\t\t\t\t\t\t\t\t\t<\/li>\n\t\t\t\t\t\t\t\t<li class=\"elementor-icon-list-item\">\n\t\t\t\t\t\t\t\t\t\t\t<a href=\"https:\/\/stupava.thaik.sk\/en\/prevadzkovy-poriadok\/\">\n\n\t\t\t\t\t\t\t\t\t\t\t\t<span class=\"elementor-icon-list-icon\">\n\t\t\t\t\t\t\t<i aria-hidden=\"true\" class=\"fas fa-clipboard-list\"><\/i>\t\t\t\t\t\t<\/span>\n\t\t\t\t\t\t\t\t\t\t<span class=\"elementor-icon-list-text\">Operating Rules<\/span>\n\t\t\t\t\t\t\t\t\t\t\t<\/a>\n\t\t\t\t\t\t\t\t\t<\/li>\n\t\t\t\t\t\t\t\t<li class=\"elementor-icon-list-item\">\n\t\t\t\t\t\t\t\t\t\t\t<a href=\"https:\/\/stupava.thaik.sk\/en\/reklamacny-poriadok\/\">\n\n\t\t\t\t\t\t\t\t\t\t\t\t<span class=\"elementor-icon-list-icon\">\n\t\t\t\t\t\t\t<i aria-hidden=\"true\" class=\"fas fa-clipboard-list\"><\/i>\t\t\t\t\t\t<\/span>\n\t\t\t\t\t\t\t\t\t\t<span class=\"elementor-icon-list-text\">Complaint Policy<\/span>\n\t\t\t\t\t\t\t\t\t\t\t<\/a>\n\t\t\t\t\t\t\t\t\t<\/li>\n\t\t\t\t\t\t\t\t<li class=\"elementor-icon-list-item\">\n\t\t\t\t\t\t\t\t\t\t\t<a href=\"https:\/\/stupava.thaik.sk\/en\/vseobecne-obchodne-podmienky\/\">\n\n\t\t\t\t\t\t\t\t\t\t\t\t<span class=\"elementor-icon-list-icon\">\n\t\t\t\t\t\t\t<i aria-hidden=\"true\" class=\"fas fa-file-alt\"><\/i>\t\t\t\t\t\t<\/span>\n\t\t\t\t\t\t\t\t\t\t<span class=\"elementor-icon-list-text\">Terms &amp; Conditions<\/span>\n\t\t\t\t\t\t\t\t\t\t\t<\/a>\n\t\t\t\t\t\t\t\t\t<\/li>\n\t\t\t\t\t\t\t\t<li class=\"elementor-icon-list-item\">\n\t\t\t\t\t\t\t\t\t\t\t<a href=\"https:\/\/stupava.thaik.sk\/en\/ochrana-sukromia\/\">\n\n\t\t\t\t\t\t\t\t\t\t\t\t<span class=\"elementor-icon-list-icon\">\n\t\t\t\t\t\t\t<i aria-hidden=\"true\" class=\"fas fa-file-alt\"><\/i>\t\t\t\t\t\t<\/span>\n\t\t\t\t\t\t\t\t\t\t<span class=\"elementor-icon-list-text\">Privacy Policy<\/span>\n\t\t\t\t\t\t\t\t\t\t\t<\/a>\n\t\t\t\t\t\t\t\t\t<\/li>\n\t\t\t\t\t\t<\/ul>\n\t\t\t\t\t\t<\/div>\n\t\t\t\t<\/div>\n\t\t\t\t<\/div>\n\t\t\t\t<\/footer>\n\t\t<div class=\"elementor-element elementor-element-65b68653 e-con-full e-flex e-con e-parent\" data-id=\"65b68653\" data-element_type=\"container\">\n\t\t<div class=\"elementor-element elementor-element-13efba7f e-con-full e-transform e-flex e-con e-child\" data-id=\"13efba7f\" data-element_type=\"container\" data-settings=\"{&quot;_transform_scale_effect_tablet&quot;:{&quot;unit&quot;:&quot;px&quot;,&quot;size&quot;:1.3000000000000000444089209850062616169452667236328125,&quot;sizes&quot;:[]},&quot;_transform_scale_effect&quot;:{&quot;unit&quot;:&quot;px&quot;,&quot;size&quot;:&quot;&quot;,&quot;sizes&quot;:[]},&quot;_transform_scale_effect_mobile&quot;:{&quot;unit&quot;:&quot;px&quot;,&quot;size&quot;:&quot;&quot;,&quot;sizes&quot;:[]}}\">\n\t\t\t\t<div class=\"elementor-element elementor-element-69b66dd e-grid-align-right e-grid-align-tablet-right e-grid-align-mobile-center elementor-widget-mobile__width-inherit elementor-shape-rounded elementor-grid-0 elementor-widget elementor-widget-social-icons\" data-id=\"69b66dd\" data-element_type=\"widget\" data-widget_type=\"social-icons.default\">\n\t\t\t\t<div class=\"elementor-widget-container\">\n\t\t\t\t\t\t\t<div class=\"elementor-social-icons-wrapper elementor-grid\" role=\"list\">\n\t\t\t\t\t\t\t<span class=\"elementor-grid-item\" role=\"listitem\">\n\t\t\t\t\t<a class=\"elementor-icon elementor-social-icon elementor-social-icon-facebook-f elementor-repeater-item-3f1b7ac\" href=\"https:\/\/www.facebook.com\/THAIKmassageandspa\" target=\"_blank\">\n\t\t\t\t\t\t<span class=\"elementor-screen-only\">Facebook-f<\/span>\n\t\t\t\t\t\t<i aria-hidden=\"true\" class=\"fab fa-facebook-f\"><\/i>\t\t\t\t\t<\/a>\n\t\t\t\t<\/span>\n\t\t\t\t\t\t\t<span class=\"elementor-grid-item\" role=\"listitem\">\n\t\t\t\t\t<a class=\"elementor-icon elementor-social-icon elementor-social-icon-instagram elementor-repeater-item-3c50740\" href=\"https:\/\/www.instagram.com\/thaik_massageandspa\/\" target=\"_blank\">\n\t\t\t\t\t\t<span class=\"elementor-screen-only\">Instagram<\/span>\n\t\t\t\t\t\t<i aria-hidden=\"true\" class=\"fab fa-instagram\"><\/i>\t\t\t\t\t<\/a>\n\t\t\t\t<\/span>\n\t\t\t\t\t<\/div>\n\t\t\t\t\t\t<\/div>\n\t\t\t\t<\/div>\n\t\t\t\t<\/div>\n\t\t\t\t<div class=\"elementor-element elementor-element-486bddd8 elementor-widget elementor-widget-image\" data-id=\"486bddd8\" data-element_type=\"widget\" data-widget_type=\"image.default\">\n\t\t\t\t<div class=\"elementor-widget-container\">\n\t\t\t\t\t\t\t\t\t\t\t\t\t\t\t<img decoding=\"async\" width=\"3141\" height=\"1066\" src=\"https:\/\/stupava.thaik.sk\/wp-content\/uploads\/2024\/03\/Black-logo-no-background.png\" class=\"attachment-full size-full wp-image-43\" alt=\"\" srcset=\"https:\/\/stupava.thaik.sk\/wp-content\/uploads\/2024\/03\/Black-logo-no-background.png 3141w, https:\/\/stupava.thaik.sk\/wp-content\/uploads\/2024\/03\/Black-logo-no-background-300x102.png 300w, https:\/\/stupava.thaik.sk\/wp-content\/uploads\/2024\/03\/Black-logo-no-background-1024x348.png 1024w, https:\/\/stupava.thaik.sk\/wp-content\/uploads\/2024\/03\/Black-logo-no-background-768x261.png 768w, https:\/\/stupava.thaik.sk\/wp-content\/uploads\/2024\/03\/Black-logo-no-background-1536x521.png 1536w, https:\/\/stupava.thaik.sk\/wp-content\/uploads\/2024\/03\/Black-logo-no-background-2048x695.png 2048w\" sizes=\"(max-width: 3141px) 100vw, 3141px\" \/>\t\t\t\t\t\t\t\t\t\t\t\t\t\t\t<\/div>\n\t\t\t\t<\/div>\n\t\t\t\t<div class=\"elementor-element elementor-element-715fc94 elementor-widget elementor-widget-heading\" data-id=\"715fc94\" data-element_type=\"widget\" data-widget_type=\"heading.default\">\n\t\t\t\t<div class=\"elementor-widget-container\">\n\t\t\t\t\t<p class=\"elementor-heading-title elementor-size-default\">THAI K - Massage &amp; Spa 2026 \u00a9 All Rights Reserved<\/p>\t\t\t\t<\/div>\n\t\t\t\t<\/div>\n\t\t\t\t<\/div>\n\t\t\t\t<\/div>","protected":false},"excerpt":{"rendered":"<p>Va\u0161a poko\u017eka bez ch\u013apkov REZERVOVA\u0164 TERM\u00cdN Z\u013eava 50% na prv\u00e9 o\u0161etrenie laserom Ako to funguje? V\u00a0na\u0161om sal\u00f3ne vykon\u00e1vame epil\u00e1ciu di\u00f3dov\u00fdm laserom, ktor\u00fd je moment\u00e1lne naj\u00fa\u010dinnej\u0161ou formou trvalej epil\u00e1cie na svete. Di\u00f3dov\u00fd laser vyu\u017e\u00edva princ\u00edp selekt\u00edvneho fototermick\u00e9ho rozkladu. Sveteln\u00e1 energia sa premie\u0148a na tepeln\u00fa, ktor\u00e1 p\u00f4sob\u00ed na pigment v\u00a0ch\u013apku naz\u00fdvan\u00fd melan\u00edn. V\u010faka vedeckej kon\u0161trukcii rukov\u00e4te di\u00f3dov\u00e9ho [&hellip;]<\/p>\n","protected":false},"author":1,"featured_media":0,"parent":0,"menu_order":0,"comment_status":"closed","ping_status":"closed","template":"","meta":{"footnotes":""},"class_list":["post-1328","page","type-page","status-publish","hentry"],"_links":{"self":[{"href":"https:\/\/stupava.thaik.sk\/en\/wp-json\/wp\/v2\/pages\/1328","targetHints":{"allow":["GET"]}}],"collection":[{"href":"https:\/\/stupava.thaik.sk\/en\/wp-json\/wp\/v2\/pages"}],"about":[{"href":"https:\/\/stupava.thaik.sk\/en\/wp-json\/wp\/v2\/types\/page"}],"author":[{"embeddable":true,"href":"https:\/\/stupava.thaik.sk\/en\/wp-json\/wp\/v2\/users\/1"}],"replies":[{"embeddable":true,"href":"https:\/\/stupava.thaik.sk\/en\/wp-json\/wp\/v2\/comments?post=1328"}],"version-history":[{"count":79,"href":"https:\/\/stupava.thaik.sk\/en\/wp-json\/wp\/v2\/pages\/1328\/revisions"}],"predecessor-version":[{"id":2446,"href":"https:\/\/stupava.thaik.sk\/en\/wp-json\/wp\/v2\/pages\/1328\/revisions\/2446"}],"wp:attachment":[{"href":"https:\/\/stupava.thaik.sk\/en\/wp-json\/wp\/v2\/media?parent=1328"}],"curies":[{"name":"wp","href":"https:\/\/api.w.org\/{rel}","templated":true}]}}